


{"id":828,"date":"2019-02-06T13:15:19","date_gmt":"2019-02-06T13:15:19","guid":{"rendered":"https:\/\/serwer420795.lh.pl\/autoinstalator\/serwer420795.lh.pl\/wordpress151603\/?page_id=828"},"modified":"2026-02-18T20:19:28","modified_gmt":"2026-02-18T19:19:28","slug":"privacy-policy","status":"publish","type":"page","link":"https:\/\/www.ginekologiatomaszow.pl\/index.php\/privacy-policy\/","title":{"rendered":"Polityka prywatno\u015bci"},"content":{"rendered":"<div class=\"wpb-content-wrapper\"><p>[vc_row hide_bg_image_on_tablet=&#8221;&#8221; hide_bg_image_on_mobile=&#8221;&#8221; css=&#8221;.vc_custom_1527690588959{background-color: #f7f8f9 !important;}&#8221;][vc_column icons_position=&#8221;left&#8221;][vc_empty_space height=&#8221;4em&#8221; alter_height=&#8221;none&#8221; hide_on_desktop=&#8221;&#8221; hide_on_notebook=&#8221;&#8221; hide_on_tablet=&#8221;&#8221; hide_on_mobile=&#8221;&#8221;]<div id=\"sc_content_1050906096\"\r\n\t\tclass=\"sc_content color_style_default sc_content_default sc_float_center p70\"><div class=\"sc_content_container\">[vc_column_text css=&#8221;&#8221;]<\/p>\n<h4 data-start=\"165\" data-end=\"191\">\u00a71 Administrator danych<\/h4>\n<p data-start=\"193\" data-end=\"366\">Administratorem danych osobowych jest:<br data-start=\"231\" data-end=\"234\" \/><strong data-start=\"234\" data-end=\"280\">[Nazwa gabinetu \/ Imi\u0119 i nazwisko lekarza]<\/strong><br data-start=\"280\" data-end=\"283\" \/>z siedzib\u0105 w: <strong data-start=\"297\" data-end=\"308\">[adres]<\/strong><br data-start=\"308\" data-end=\"311\" \/>NIP: <strong data-start=\"316\" data-end=\"325\">[___]<\/strong><br data-start=\"325\" data-end=\"328\" \/>E-mail: <strong data-start=\"336\" data-end=\"345\">[___]<\/strong><br data-start=\"345\" data-end=\"348\" \/>Telefon: <strong data-start=\"357\" data-end=\"366\">[___]<\/strong><\/p>\n<p data-start=\"368\" data-end=\"467\">W sprawach dotycz\u0105cych ochrony danych osobowych mo\u017cna kontaktowa\u0107 si\u0119 pod adresem e-mail: <strong data-start=\"458\" data-end=\"467\">[___]<\/strong><\/p>\n<hr data-start=\"469\" data-end=\"472\" \/>\n<h4 data-start=\"474\" data-end=\"508\">\u00a72 Zakres przetwarzanych danych<\/h4>\n<p data-start=\"510\" data-end=\"575\">W zale\u017cno\u015bci od sposobu korzystania ze strony mo\u017cemy przetwarza\u0107:<\/p>\n<ul data-start=\"577\" data-end=\"879\">\n<li data-start=\"577\" data-end=\"596\">\n<p data-start=\"579\" data-end=\"596\">imi\u0119 i nazwisko<\/p>\n<\/li>\n<li data-start=\"597\" data-end=\"613\">\n<p data-start=\"599\" data-end=\"613\">adres e-mail<\/p>\n<\/li>\n<li data-start=\"614\" data-end=\"632\">\n<p data-start=\"616\" data-end=\"632\">numer telefonu<\/p>\n<\/li>\n<li data-start=\"633\" data-end=\"674\">\n<p data-start=\"635\" data-end=\"674\">dane zawarte w formularzu kontaktowym<\/p>\n<\/li>\n<li data-start=\"675\" data-end=\"715\">\n<p data-start=\"677\" data-end=\"715\">dane niezb\u0119dne do rejestracji wizyty<\/p>\n<\/li>\n<li data-start=\"716\" data-end=\"786\">\n<p data-start=\"718\" data-end=\"786\">dane medyczne przekazywane w celu realizacji \u015bwiadcze\u0144 zdrowotnych<\/p>\n<\/li>\n<li data-start=\"787\" data-end=\"827\">\n<p data-start=\"789\" data-end=\"827\">dane zawarte w korespondencji e-mail<\/p>\n<\/li>\n<li data-start=\"828\" data-end=\"879\">\n<p data-start=\"830\" data-end=\"879\">adres IP oraz dane zapisywane w plikach cookies<\/p>\n<\/li>\n<\/ul>\n<hr data-start=\"881\" data-end=\"884\" \/>\n<h4 data-start=\"886\" data-end=\"928\">\u00a73 Cele i podstawy przetwarzania danych<\/h4>\n<p data-start=\"930\" data-end=\"966\">Dane osobowe przetwarzane s\u0105 w celu:<\/p>\n<ol data-start=\"968\" data-end=\"1467\">\n<li data-start=\"968\" data-end=\"1045\">\n<p data-start=\"971\" data-end=\"1045\">Rejestracji i realizacji wizyt medycznych<br data-start=\"1012\" data-end=\"1015\" \/>(art. 6 ust. 1 lit. b RODO)<\/p>\n<\/li>\n<li data-start=\"1047\" data-end=\"1155\">\n<p data-start=\"1050\" data-end=\"1155\">Realizacji \u015bwiadcze\u0144 zdrowotnych oraz prowadzenia dokumentacji medycznej<br data-start=\"1122\" data-end=\"1125\" \/>(art. 9 ust. 2 lit. h RODO)<\/p>\n<\/li>\n<li data-start=\"1157\" data-end=\"1253\">\n<p data-start=\"1160\" data-end=\"1253\">Odpowiedzi na zapytania przes\u0142ane przez formularz lub e-mail<br data-start=\"1220\" data-end=\"1223\" \/>(art. 6 ust. 1 lit. f RODO)<\/p>\n<\/li>\n<li data-start=\"1255\" data-end=\"1321\">\n<p data-start=\"1258\" data-end=\"1321\">Realizacji obowi\u0105zk\u00f3w prawnych<br data-start=\"1288\" data-end=\"1291\" \/>(art. 6 ust. 1 lit. c RODO)<\/p>\n<\/li>\n<li data-start=\"1323\" data-end=\"1395\">\n<p data-start=\"1326\" data-end=\"1395\">Cel\u00f3w statystycznych i analitycznych<br data-start=\"1362\" data-end=\"1365\" \/>(art. 6 ust. 1 lit. f RODO)<\/p>\n<\/li>\n<li data-start=\"1397\" data-end=\"1467\">\n<p data-start=\"1400\" data-end=\"1467\">Marketingu (je\u015bli dotyczy)<br data-start=\"1426\" data-end=\"1429\" \/>(art. 6 ust. 1 lit. a RODO \u2013 zgoda)<\/p>\n<\/li>\n<\/ol>\n<hr data-start=\"1469\" data-end=\"1472\" \/>\n<h4 data-start=\"1474\" data-end=\"1507\">\u00a74 Okres przechowywania danych<\/h4>\n<ul data-start=\"1509\" data-end=\"1756\">\n<li data-start=\"1509\" data-end=\"1600\">\n<p data-start=\"1511\" data-end=\"1600\">Dokumentacja medyczna \u2013 zgodnie z obowi\u0105zuj\u0105cymi przepisami prawa (co do zasady 20 lat)<\/p>\n<\/li>\n<li data-start=\"1601\" data-end=\"1652\">\n<p data-start=\"1603\" data-end=\"1652\">Dane z formularza kontaktowego \u2013 do 12 miesi\u0119cy<\/p>\n<\/li>\n<li data-start=\"1653\" data-end=\"1703\">\n<p data-start=\"1655\" data-end=\"1703\">Dane marketingowe \u2013 do momentu cofni\u0119cia zgody<\/p>\n<\/li>\n<li data-start=\"1704\" data-end=\"1756\">\n<p data-start=\"1706\" data-end=\"1756\">Dane ksi\u0119gowe \u2013 zgodnie z przepisami podatkowymi<\/p>\n<\/li>\n<\/ul>\n<hr data-start=\"1758\" data-end=\"1761\" \/>\n<h4 data-start=\"1763\" data-end=\"1784\">\u00a75 Odbiorcy danych<\/h4>\n<p data-start=\"1786\" data-end=\"1813\">Dane mog\u0105 by\u0107 przekazywane:<\/p>\n<ul data-start=\"1815\" data-end=\"2017\">\n<li data-start=\"1815\" data-end=\"1837\">\n<p data-start=\"1817\" data-end=\"1837\">firmie hostingowej<\/p>\n<\/li>\n<li data-start=\"1838\" data-end=\"1876\">\n<p data-start=\"1840\" data-end=\"1876\">dostawcy systemu rejestracji wizyt<\/p>\n<\/li>\n<li data-start=\"1877\" data-end=\"1899\">\n<p data-start=\"1879\" data-end=\"1899\">dostawcom us\u0142ug IT<\/p>\n<\/li>\n<li data-start=\"1900\" data-end=\"1920\">\n<p data-start=\"1902\" data-end=\"1920\">firmie ksi\u0119gowej<\/p>\n<\/li>\n<li data-start=\"1921\" data-end=\"1970\">\n<p data-start=\"1923\" data-end=\"1970\">dostawcom narz\u0119dzi analitycznych (np. Google)<\/p>\n<\/li>\n<li data-start=\"1971\" data-end=\"2017\">\n<p data-start=\"1973\" data-end=\"2017\">dostawcom narz\u0119dzi marketingowych (np. Meta)<\/p>\n<\/li>\n<\/ul>\n<p data-start=\"2019\" data-end=\"2184\">Dane mog\u0105 by\u0107 przekazywane poza Europejski Obszar Gospodarczy w zwi\u0105zku z korzystaniem z narz\u0119dzi analitycznych \u2013 zgodnie z obowi\u0105zuj\u0105cymi zabezpieczeniami prawnymi.<\/p>\n<hr data-start=\"2186\" data-end=\"2189\" \/>\n<h4 data-start=\"2191\" data-end=\"2229\">\u00a76 Prawa osoby, kt\u00f3rej dane dotycz\u0105<\/h4>\n<p data-start=\"2231\" data-end=\"2255\">Ka\u017cda osoba ma prawo do:<\/p>\n<ul data-start=\"2257\" data-end=\"2468\">\n<li data-start=\"2257\" data-end=\"2278\">\n<p data-start=\"2259\" data-end=\"2278\">dost\u0119pu do danych<\/p>\n<\/li>\n<li data-start=\"2279\" data-end=\"2302\">\n<p data-start=\"2281\" data-end=\"2302\">sprostowania danych<\/p>\n<\/li>\n<li data-start=\"2303\" data-end=\"2323\">\n<p data-start=\"2305\" data-end=\"2323\">usuni\u0119cia danych<\/p>\n<\/li>\n<li data-start=\"2324\" data-end=\"2354\">\n<p data-start=\"2326\" data-end=\"2354\">ograniczenia przetwarzania<\/p>\n<\/li>\n<li data-start=\"2355\" data-end=\"2379\">\n<p data-start=\"2357\" data-end=\"2379\">wniesienia sprzeciwu<\/p>\n<\/li>\n<li data-start=\"2380\" data-end=\"2403\">\n<p data-start=\"2382\" data-end=\"2403\">przenoszenia danych<\/p>\n<\/li>\n<li data-start=\"2404\" data-end=\"2468\">\n<p data-start=\"2406\" data-end=\"2468\">wniesienia skargi do Prezesa Urz\u0119du Ochrony Danych Osobowych<\/p>\n<\/li>\n<\/ul>\n<hr data-start=\"2470\" data-end=\"2473\" \/>\n<h4 data-start=\"2475\" data-end=\"2494\">\u00a77 Pliki cookies<\/h4>\n<p data-start=\"2496\" data-end=\"2536\">Strona korzysta z plik\u00f3w cookies w celu:<\/p>\n<ul data-start=\"2538\" data-end=\"2650\">\n<li data-start=\"2538\" data-end=\"2583\">\n<p data-start=\"2540\" data-end=\"2583\">zapewnienia prawid\u0142owego dzia\u0142ania strony<\/p>\n<\/li>\n<li data-start=\"2584\" data-end=\"2609\">\n<p data-start=\"2586\" data-end=\"2609\">prowadzenia statystyk<\/p>\n<\/li>\n<li data-start=\"2610\" data-end=\"2650\">\n<p data-start=\"2612\" data-end=\"2650\">dzia\u0142a\u0144 marketingowych (je\u015bli dotyczy)<\/p>\n<\/li>\n<\/ul>\n<p data-start=\"2652\" data-end=\"2707\">Szczeg\u00f3\u0142owe informacje znajduj\u0105 si\u0119 w Polityce Cookies.<\/p>\n<p>[\/vc_column_text]<\/div><\/div><!-- \/.sc_content -->[vc_empty_space height=&#8221;4em&#8221; alter_height=&#8221;none&#8221; hide_on_desktop=&#8221;&#8221; hide_on_notebook=&#8221;&#8221; hide_on_tablet=&#8221;&#8221; hide_on_mobile=&#8221;&#8221;][\/vc_column][\/vc_row]<\/p>\n<\/div>","protected":false},"excerpt":{"rendered":"<p>[vc_row hide_bg_image_on_tablet=&#8221;&#8221; hide_bg_image_on_mobile=&#8221;&#8221; css=&#8221;.vc_custom_1527690588959{background-color: #f7f8f9 !important;}&#8221;][vc_column icons_position=&#8221;left&#8221;][vc_empty_space height=&#8221;4em&#8221; alter_height=&#8221;none&#8221; hide_on_desktop=&#8221;&#8221; hide_on_notebook=&#8221;&#8221; hide_on_tablet=&#8221;&#8221; hide_on_mobile=&#8221;&#8221;][vc_empty_space height=&#8221;4em&#8221; alter_height=&#8221;none&#8221; hide_on_desktop=&#8221;&#8221; hide_on_notebook=&#8221;&#8221; hide_on_tablet=&#8221;&#8221; hide_on_mobile=&#8221;&#8221;][\/vc_column][\/vc_row]<\/p>\n","protected":false},"author":1,"featured_media":0,"parent":0,"menu_order":0,"comment_status":"closed","ping_status":"closed","template":"","meta":{"footnotes":""},"class_list":["post-828","page","type-page","status-publish","hentry"],"aioseo_notices":[],"_links":{"self":[{"href":"https:\/\/www.ginekologiatomaszow.pl\/index.php\/wp-json\/wp\/v2\/pages\/828","targetHints":{"allow":["GET"]}}],"collection":[{"href":"https:\/\/www.ginekologiatomaszow.pl\/index.php\/wp-json\/wp\/v2\/pages"}],"about":[{"href":"https:\/\/www.ginekologiatomaszow.pl\/index.php\/wp-json\/wp\/v2\/types\/page"}],"author":[{"embeddable":true,"href":"https:\/\/www.ginekologiatomaszow.pl\/index.php\/wp-json\/wp\/v2\/users\/1"}],"replies":[{"embeddable":true,"href":"https:\/\/www.ginekologiatomaszow.pl\/index.php\/wp-json\/wp\/v2\/comments?post=828"}],"version-history":[{"count":4,"href":"https:\/\/www.ginekologiatomaszow.pl\/index.php\/wp-json\/wp\/v2\/pages\/828\/revisions"}],"predecessor-version":[{"id":1320,"href":"https:\/\/www.ginekologiatomaszow.pl\/index.php\/wp-json\/wp\/v2\/pages\/828\/revisions\/1320"}],"wp:attachment":[{"href":"https:\/\/www.ginekologiatomaszow.pl\/index.php\/wp-json\/wp\/v2\/media?parent=828"}],"curies":[{"name":"wp","href":"https:\/\/api.w.org\/{rel}","templated":true}]}}