


{"id":410,"date":"2017-09-05T15:34:56","date_gmt":"2017-09-05T15:34:56","guid":{"rendered":"https:\/\/serwer420795.lh.pl\/autoinstalator\/serwer420795.lh.pl\/wordpress151603\/?page_id=410"},"modified":"2026-02-26T19:21:45","modified_gmt":"2026-02-26T18:21:45","slug":"o-nas","status":"publish","type":"page","link":"https:\/\/www.ginekologiatomaszow.pl\/index.php\/o-nas\/","title":{"rendered":"O nas"},"content":{"rendered":"<div class=\"wpb-content-wrapper\"><p>[vc_row][vc_column][vc_empty_space alter_height=&#8221;huge&#8221; hide_on_desktop=&#8221;&#8221; hide_on_notebook=&#8221;&#8221; hide_on_tablet=&#8221;&#8221; hide_on_mobile=&#8221;&#8221;][\/vc_column][\/vc_row][vc_row][vc_column][vc_column_text][\/vc_column_text][\/vc_column][\/vc_row][vc_row][vc_column icons_position=&#8221;left&#8221; offset=&#8221;vc_col-md-offset-2 vc_col-md-8&#8243;]<div id=\"sc_title_454523298\"\r\n\t\tclass=\"sc_title color_style_default sc_title_default  vc_custom_1772130032424\"><h6 class=\"sc_item_subtitle sc_title_subtitle sc_align_center sc_item_title_style_default\"><span>She Med<\/span><\/h6><h3 class=\"sc_item_title sc_title_title sc_align_center sc_item_title_style_default\">O nas<\/h3><\/div><!-- \/.sc_title -->[vc_empty_space alter_height=&#8221;large&#8221; hide_on_desktop=&#8221;&#8221; hide_on_notebook=&#8221;&#8221; hide_on_tablet=&#8221;&#8221; hide_on_mobile=&#8221;&#8221; css=&#8221;.vc_custom_1511774637018{margin-bottom: 0.7rem !important;}&#8221;][vc_column_text css=&#8221;&#8221;]<\/p>\n<p style=\"text-align: center;\">SHE MED to nowoczesne centrum po\u0142o\u017cnictwa, p\u0142odno\u015bci i ginekologii, stworzone z my\u015bl\u0105 o kobietach<br \/>\noczekuj\u0105cych kompleksowej, indywidualnej opieki na ka\u017cdym etapie \u017cycia. Nasz\u0105 szczeg\u00f3ln\u0105<br \/>\nspecjalizacj\u0105 jest diagnostyka i leczenie niep\u0142odno\u015bci oraz prowadzenie ci\u0105\u017cy, w tym ci\u0105\u017c wysokiego<br \/>\nryzyka.<br \/>\nZapewniamy opiek\u0119 zespo\u0142ow\u0105 lekarza i po\u0142o\u017cnej, dzi\u0119ki czemu pacjentki otrzymuj\u0105 sp\u00f3jne wsparcie od<br \/>\nplanowania ci\u0105\u017cy, przez jej prowadzenie, a\u017c do porodu i po\u0142ogu. Takie podej\u015bcie pozwala budowa\u0107<br \/>\nzaufanie oraz poczucie bezpiecze\u0144stwa w jednym miejscu.<br \/>\nOferujemy kompleksowe us\u0142ugi obejmuj\u0105ce nowoczesn\u0105 diagnostyk\u0119 ginekologiczn\u0105 i prenataln\u0105,<br \/>\nleczenie zaburze\u0144 hormonalnych oraz opiek\u0119 nad kobietami z problemem niep\u0142odno\u015bci. Zajmujemy si\u0119<br \/>\nr\u00f3wnie\u017c diagnostyk\u0105 i leczeniem przewlek\u0142ych zespo\u0142\u00f3w b\u00f3lowych w obr\u0119bie miednicy, w tym<br \/>\nendometriozy, zapewniaj\u0105c indywidualne i wielokierunkowe podej\u015bcie terapeutyczne.<br \/>\nSzczeg\u00f3ln\u0105 uwag\u0119 po\u015bwi\u0119camy tak\u017ce kobietom w okresie menopauzy. Oferujemy nowoczesne,<br \/>\nbezpieczne metody terapii hormonalnej i profilaktyki zdrowotnej, ukierunkowane na popraw\u0119 komfortu<br \/>\n\u017cycia, zachowanie aktywno\u015bci oraz podej\u015bcie anti-aging, wspieraj\u0105ce zdrowe i \u015bwiadome starzenie.<br \/>\nW przypadku konieczno\u015bci leczenia zabiegowego wsp\u00f3\u0142pracujemy ze Szpital Medeor, natomiast w<br \/>\nzakresie bardziej zaawansowanych procedur leczenia niep\u0142odno\u015bci, w tym zap\u0142odnienia pozaustrojowego<br \/>\n(IVF), z Klinika NOVUM. Dzi\u0119ki temu zapewniamy pacjentom dost\u0119p do nowoczesnych metod leczenia<br \/>\nprzy jednoczesnym zachowaniu ci\u0105g\u0142o\u015bci opieki w naszym gabinecie.<\/p>\n<p style=\"text-align: center;\">Naszym celem jest skuteczna medycyna, bezpiecze\u0144stwo oraz wsparcie na ka\u017cdym etapie drogi do<br \/>\nzdrowia i rodzicielstwa.<\/p>\n<p>[\/vc_column_text][\/vc_column][\/vc_row][vc_row][vc_column icons_position=&#8221;left&#8221;][vc_empty_space alter_height=&#8221;huge&#8221; hide_on_desktop=&#8221;&#8221; hide_on_notebook=&#8221;&#8221; hide_on_tablet=&#8221;&#8221; hide_on_mobile=&#8221;&#8221;]<div class=\"sc_team color_style_default sc_team_default\"><h6 class=\"sc_item_subtitle sc_team_subtitle sc_align_center sc_item_title_style_default\"><span>Nasz zesp\u00f3\u0142<\/span><\/h6><h3 class=\"sc_item_title sc_team_title sc_align_center sc_item_title_style_default\">Poznaj naszych specjalist\u00f3w<\/h3><div class=\"sc_team_columns_wrap sc_item_columns trx_addons_columns_wrap columns_padding_bottom\"><div class=\"trx_addons_column-1_3\"><div class=\"sc_team_item\">\r\n\t<div class=\"post_featured with_thumb hover_icon sc_team_item_thumb\"><img loading=\"lazy\" decoding=\"async\" width=\"297\" height=\"355\" src=\"https:\/\/www.ginekologiatomaszow.pl\/wp-content\/uploads\/2017\/09\/Polozna-1-297x355.jpg\" class=\"attachment-angela-thumb-team size-angela-thumb-team wp-post-image\" alt=\"\" \/><div class=\"mask\"><\/div><div class=\"icons\"><a href=\"https:\/\/www.ginekologiatomaszow.pl\/index.php\/team\/dr-amanda-smith\/\" aria-hidden=\"true\" class=\"icon-view\"><\/a><\/div><\/div>\t<div class=\"sc_team_item_info\">\r\n\t\t<div class=\"sc_team_item_header\">\r\n\t\t\t<h4 class=\"sc_team_item_title\"><a href=\"https:\/\/www.ginekologiatomaszow.pl\/index.php\/team\/dr-amanda-smith\/\">mgr Paulina Szefer<\/a><\/h4>\r\n\t\t\t<div class=\"sc_team_item_subtitle\">Po\u0142o\u017cna<\/div>\r\n\t\t<\/div>\r\n\t\t<div class=\"sc_team_item_content\"><p>Do\u015bwiadczona po\u0142o\u017cna, kt\u00f3ra z zaanga\u017cowaniem towarzyszy kobietom na ka\u017cdym etapie macierzy\u0144stwa \u2013 od planowania ci\u0105\u017cy, przez jej przebieg, a\u017c po po\u0142\u00f3g i pierwsze tygodnie z noworodkiem. <\/p>\n<\/div>\r\n\t\t<div class=\"sc_team_item_socials socials_wrap\"><\/div>\t\t<div class=\"sc_team_item_button\"><a href=\"https:\/\/www.ginekologiatomaszow.pl\/index.php\/team\/dr-amanda-smith\/\" class=\"sc_button sc_button_simple\">Learn more<\/a><\/div>\r\n\t<\/div>\r\n<\/div>\r\n<\/div><div class=\"trx_addons_column-1_3\"><div class=\"sc_team_item\">\r\n\t<div class=\"post_featured with_thumb hover_icon sc_team_item_thumb\"><img loading=\"lazy\" decoding=\"async\" width=\"297\" height=\"355\" src=\"https:\/\/www.ginekologiatomaszow.pl\/wp-content\/uploads\/2017\/09\/800x-297x355.webp\" class=\"attachment-angela-thumb-team size-angela-thumb-team wp-post-image\" alt=\"\" \/><div class=\"mask\"><\/div><div class=\"icons\"><a href=\"https:\/\/www.ginekologiatomaszow.pl\/index.php\/team\/lek-jacek-orlowski\/\" aria-hidden=\"true\" class=\"icon-view\"><\/a><\/div><\/div>\t<div class=\"sc_team_item_info\">\r\n\t\t<div class=\"sc_team_item_header\">\r\n\t\t\t<h4 class=\"sc_team_item_title\"><a href=\"https:\/\/www.ginekologiatomaszow.pl\/index.php\/team\/lek-jacek-orlowski\/\">lek. Jacek Or\u0142owski<\/a><\/h4>\r\n\t\t\t<div class=\"sc_team_item_subtitle\">Specjalista Po\u0142o\u017cnictwa i Ginekologii<\/div>\r\n\t\t<\/div>\r\n\t\t<div class=\"sc_team_item_content\"><p>Jestem absolwentem Uniwersytetu Medycznego w \u0141odzi, uko\u0144czy\u0142em wydzia\u0142 lekarski w 2009 roku uzyskuj\u0105c tytu\u0142 lekarza, za\u015b w 2018 roku zdoby\u0142em tytu\u0142 specjalisty w dziedzinie po\u0142o\u017cnictwa i ginekologii. <\/p>\n<\/div>\r\n\t\t<div class=\"sc_team_item_socials socials_wrap\"><\/div>\t\t<div class=\"sc_team_item_button\"><a href=\"https:\/\/www.ginekologiatomaszow.pl\/index.php\/team\/lek-jacek-orlowski\/\" class=\"sc_button sc_button_simple\">Learn more<\/a><\/div>\r\n\t<\/div>\r\n<\/div>\r\n<\/div><div class=\"trx_addons_column-1_3\"><div class=\"sc_team_item\">\r\n\t<div class=\"post_featured with_thumb hover_icon sc_team_item_thumb\"><img loading=\"lazy\" decoding=\"async\" width=\"297\" height=\"355\" src=\"https:\/\/www.ginekologiatomaszow.pl\/wp-content\/uploads\/2017\/09\/fizjo-297x355.jpg\" class=\"attachment-angela-thumb-team size-angela-thumb-team wp-post-image\" alt=\"\" \/><div class=\"mask\"><\/div><div class=\"icons\"><a href=\"https:\/\/www.ginekologiatomaszow.pl\/index.php\/team\/dr-lauren-grant\/\" aria-hidden=\"true\" class=\"icon-view\"><\/a><\/div><\/div>\t<div class=\"sc_team_item_info\">\r\n\t\t<div class=\"sc_team_item_header\">\r\n\t\t\t<h4 class=\"sc_team_item_title\"><a href=\"https:\/\/www.ginekologiatomaszow.pl\/index.php\/team\/dr-lauren-grant\/\">mgr Paula Kowalewska<\/a><\/h4>\r\n\t\t\t<div class=\"sc_team_item_subtitle\">Fizjoterapia uroginekologiczna<\/div>\r\n\t\t<\/div>\r\n\t\t<div class=\"sc_team_item_content\"><p>Fizjoterapia uroginekologiczna prowadzona przez mgr Paul\u0119 Kowalewsk\u0105 to specjalistyczne wsparcie dla kobiet zmagaj\u0105cych si\u0119 z dolegliwo\u015bciami w obr\u0119bie dna miednicy, miednicy oraz kr\u0119gos\u0142upa.<\/p>\n<\/div>\r\n\t\t<div class=\"sc_team_item_socials socials_wrap\"><\/div>\t\t<div class=\"sc_team_item_button\"><a href=\"https:\/\/www.ginekologiatomaszow.pl\/index.php\/team\/dr-lauren-grant\/\" class=\"sc_button sc_button_simple\">Learn more<\/a><\/div>\r\n\t<\/div>\r\n<\/div>\r\n<\/div><\/div><\/div><!-- \/.sc_team -->[vc_empty_space alter_height=&#8221;huge&#8221; hide_on_desktop=&#8221;&#8221; hide_on_notebook=&#8221;&#8221; hide_on_tablet=&#8221;&#8221; hide_on_mobile=&#8221;&#8221; css=&#8221;.vc_custom_1511535920247{margin-bottom: -2.8rem !important;}&#8221;][\/vc_column][\/vc_row][vc_row][vc_column][vc_separator border_width=&#8221;2&#8243; css=&#8221;.vc_custom_1687439667209{margin-top: -3.3rem !important;margin-bottom: 5.6em !important;}&#8221;][\/vc_column][\/vc_row][vc_row][vc_column icons_position=&#8221;left&#8221;]<div  id=\"sc_action_1442373377\" \r\n\tclass=\"sc_action color_style_default sc_action_simple\"><div class=\"sc_action_content sc_item_content\"><div class=\"sc_action_item sc_action_item_simple sc_action_item_ml\">\r\n\t\t\t<div class=\"sc_action_item_image\"><img loading=\"lazy\" decoding=\"async\" src=\"https:\/\/www.ginekologiatomaszow.pl\/wp-content\/uploads\/2017\/09\/send-a-message.png\" alt=\"\" width=\"96\" height=\"96\"><\/div><h3 class=\"sc_action_item_title\"><span>Masz jakie\u015b pytania?<\/span><\/h3><div class=\"sc_action_item_description\"><span>Nie odk\u0142adaj zdrowia na p\u00f3\u017aniej \u2013 zadzwo\u0144 i um\u00f3w konsultacj\u0119 ju\u017c dzi\u015b.<\/span><span><\/span><\/div><a href=\"\/kontakt\/\" class=\"sc_action_item_link sc_button sc_button_size_small\">Zadzwo\u0144 do nas<\/a><\/div><\/div><\/div><!-- \/.sc_action -->[\/vc_column][\/vc_row][vc_row][vc_column][vc_empty_space alter_height=&#8221;large&#8221; hide_on_desktop=&#8221;&#8221; hide_on_notebook=&#8221;&#8221; hide_on_tablet=&#8221;&#8221; hide_on_mobile=&#8221;&#8221; css=&#8221;.vc_custom_1511777344623{margin-bottom: 1.3rem !important;}&#8221;][\/vc_column][\/vc_row][vc_row full_width=&#8221;stretch_row_content_no_spaces&#8221;][vc_column]<div id=\"sc_googlemap_205489781_wrap\" class=\"sc_googlemap_wrap\"><div id=\"sc_googlemap_205489781\"\r\n\t\t\tclass=\"sc_googlemap sc_googlemap_default\"\r\n\t\t\t style=\"width:100%;height:394px;\"\t\t\tdata-zoom=\"14\"\r\n\t\t\tdata-style=\"grey\"\r\n\t\t\tdata-cluster-icon=\"\"\r\n        ><iframe\r\n                    src=\"https:\/\/maps.google.com\/maps?t=m&output=embed&iwloc=near&z=14&q=%C5%9Awi%C4%99tego+Antoniego+18%2C+lokal+u%C5%BCytkowy+nr.+4%2C+97-200+Tomasz%C3%B3w+Mazowiecki\"\r\n                    scrolling=\"no\"\r\n                    marginheight=\"0\"\r\n                    marginwidth=\"0\"\r\n                    frameborder=\"0\"\r\n                    aria-label=\"\"><\/iframe><\/div><\/div><!-- \/.sc_googlemap_wrap -->[\/vc_column][\/vc_row]<\/p>\n<\/div>","protected":false},"excerpt":{"rendered":"<p>[vc_row][vc_column][vc_empty_space alter_height=&#8221;huge&#8221; hide_on_desktop=&#8221;&#8221; hide_on_notebook=&#8221;&#8221; hide_on_tablet=&#8221;&#8221; hide_on_mobile=&#8221;&#8221;][\/vc_column][\/vc_row][vc_row][vc_column][vc_column_text][\/vc_column_text][\/vc_column][\/vc_row][vc_row][vc_column icons_position=&#8221;left&#8221; offset=&#8221;vc_col-md-offset-2 vc_col-md-8&#8243;][vc_empty_space alter_height=&#8221;large&#8221; hide_on_desktop=&#8221;&#8221; hide_on_notebook=&#8221;&#8221; hide_on_tablet=&#8221;&#8221; hide_on_mobile=&#8221;&#8221; css=&#8221;.vc_custom_1511774637018{margin-bottom: 0.7rem !important;}&#8221;][vc_column_text css=&#8221;&#8221;] SHE MED to nowoczesne centrum po\u0142o\u017cnictwa, p\u0142odno\u015bci i ginekologii, stworzone z my\u015bl\u0105 o kobietach oczekuj\u0105cych kompleksowej, indywidualnej opieki na ka\u017cdym etapie \u017cycia. Nasz\u0105 szczeg\u00f3ln\u0105 specjalizacj\u0105 jest diagnostyka i leczenie niep\u0142odno\u015bci oraz prowadzenie ci\u0105\u017cy, w tym ci\u0105\u017c wysokiego ryzyka. Zapewniamy opiek\u0119 zespo\u0142ow\u0105 lekarza&hellip;<\/p>\n","protected":false},"author":1,"featured_media":0,"parent":0,"menu_order":0,"comment_status":"closed","ping_status":"closed","template":"","meta":{"footnotes":""},"class_list":["post-410","page","type-page","status-publish","hentry"],"aioseo_notices":[],"_links":{"self":[{"href":"https:\/\/www.ginekologiatomaszow.pl\/index.php\/wp-json\/wp\/v2\/pages\/410","targetHints":{"allow":["GET"]}}],"collection":[{"href":"https:\/\/www.ginekologiatomaszow.pl\/index.php\/wp-json\/wp\/v2\/pages"}],"about":[{"href":"https:\/\/www.ginekologiatomaszow.pl\/index.php\/wp-json\/wp\/v2\/types\/page"}],"author":[{"embeddable":true,"href":"https:\/\/www.ginekologiatomaszow.pl\/index.php\/wp-json\/wp\/v2\/users\/1"}],"replies":[{"embeddable":true,"href":"https:\/\/www.ginekologiatomaszow.pl\/index.php\/wp-json\/wp\/v2\/comments?post=410"}],"version-history":[{"count":24,"href":"https:\/\/www.ginekologiatomaszow.pl\/index.php\/wp-json\/wp\/v2\/pages\/410\/revisions"}],"predecessor-version":[{"id":1520,"href":"https:\/\/www.ginekologiatomaszow.pl\/index.php\/wp-json\/wp\/v2\/pages\/410\/revisions\/1520"}],"wp:attachment":[{"href":"https:\/\/www.ginekologiatomaszow.pl\/index.php\/wp-json\/wp\/v2\/media?parent=410"}],"curies":[{"name":"wp","href":"https:\/\/api.w.org\/{rel}","templated":true}]}}