


{"id":388,"date":"2017-09-05T13:42:56","date_gmt":"2017-09-05T13:42:56","guid":{"rendered":"https:\/\/serwer420795.lh.pl\/autoinstalator\/serwer420795.lh.pl\/wordpress151603\/?page_id=388"},"modified":"2026-02-26T19:25:25","modified_gmt":"2026-02-26T18:25:25","slug":"nieplodnosc","status":"publish","type":"page","link":"https:\/\/www.ginekologiatomaszow.pl\/index.php\/nieplodnosc\/","title":{"rendered":"Niep\u0142odno\u015b\u0107"},"content":{"rendered":"<div class=\"wpb-content-wrapper\"><p>[vc_row][vc_column][vc_empty_space alter_height=&#8221;huge&#8221; hide_on_desktop=&#8221;&#8221; hide_on_notebook=&#8221;&#8221; hide_on_tablet=&#8221;&#8221; hide_on_mobile=&#8221;&#8221;]<div id=\"sc_services_545848198\" class=\"sc_services color_style_default sc_services_light sc_services_featured_top\"><h6 class=\"sc_item_subtitle sc_services_subtitle sc_align_center sc_item_title_style_default\"><span>Nasze us\u0142ugi<\/span><\/h6><h3 class=\"sc_item_title sc_services_title sc_align_center sc_item_title_style_default\">Niep\u0142odno\u015b\u0107<\/h3><div class=\"sc_item_descr sc_services_descr sc_align_center\"><p>Diagnostyka i leczenie niep\u0142odno\u015bci stanowi\u0105 jeden z kluczowych obszar\u00f3w naszej dzia\u0142alno\u015bci.<br \/>\nPomagamy parom na ka\u017cdym etapie drogi do rodzicielstwa \u2013 od wst\u0119pnej diagnostyki, przez leczenie<br \/>\nzachowawcze, a\u017c po przygotowanie do procedur wspomaganego rozrodu.<br \/>\nNasze podej\u015bcie opiera si\u0119 na indywidualnym planie diagnostyczno-terapeutycznym, dok\u0142adnej analizie<br \/>\nprzyczyn trudno\u015bci z zaj\u015bciem w ci\u0105\u017c\u0119 oraz stopniowym, bezpiecznym leczeniu dopasowanym do potrzeb<br \/>\npacjentki i pary.<br \/>\nDzi\u0119ki do\u015bwiadczeniu i konsekwentnej pracy doprowadzili\u015bmy do szcz\u0119\u015bliwego zako\u0144czenia wielu<br \/>\nhistorii naszych pacjent\u00f3w, w tym kilkudziesi\u0119ciu ci\u0105\u017c bli\u017aniaczych oraz jednej ci\u0105\u017cy czworaczej. Ka\u017cdy<br \/>\nsukces jest dla nas potwierdzeniem, \u017ce w\u0142a\u015bciwa diagnostyka, czas i indywidualne podej\u015bcie maj\u0105<br \/>\nkluczowe znaczenie.<\/p>\n<p>Zakres diagnostyki i leczenia obejmuje:<br \/>\n\u2022 konsultacje w kierunku niep\u0142odno\u015bci<br \/>\n\u2022 diagnostyk\u0119 hormonaln\u0105 i metaboliczn\u0105<br \/>\n\u2022 ocen\u0119 rezerwy jajnikowej<br \/>\n\u2022 monitoring cyklu<br \/>\n\u2022 stymulacj\u0119 owulacji<br \/>\n\u2022 diagnostyk\u0119 zaburze\u0144 hormonalnych, PCOS, insulinooporno\u015bci<br \/>\n\u2022 przygotowanie do ci\u0105\u017cy po leczeniu chor\u00f3b ginekologicznych<br \/>\n\u2022 wsp\u00f3\u0142prac\u0119 z dietetykami i fizjoterapeutami<br \/>\nSzczeg\u00f3lnym elementem naszej oferty jest mo\u017cliwo\u015b\u0107 wykonania badania dro\u017cno\u015bci jajowod\u00f3w metod\u0105<br \/>\nSONO HSG bezpo\u015brednio w gabinecie. Jest to nowoczesne, ma\u0142oinwazyjne badanie, kt\u00f3re pozwala na<br \/>\nszybkie postawienie diagnozy i rozpocz\u0119cie leczenia bez konieczno\u015bci hospitalizacji.<br \/>\nW przypadku potrzeby zastosowania bardziej zaawansowanych procedur wsp\u00f3\u0142pracujemy z Klinika<br \/>\nNOVUM, jednym z najbardziej do\u015bwiadczonych o\u015brodk\u00f3w leczenia niep\u0142odno\u015bci w Polsce. Zapewnia to<br \/>\nnaszym pacjentom dost\u0119p do nowoczesnych metod, takich jak zap\u0142odnienie pozaustrojowe (IVF), przy<br \/>\njednoczesnym zachowaniu ci\u0105g\u0142o\u015bci opieki w naszym gabinecie.<br \/>\nNaszym celem jest nie tylko skuteczne leczenie, ale tak\u017ce wsparcie emocjonalne i poczucie<br \/>\nbezpiecze\u0144stwa na ka\u017cdym etapie drogi do upragnionego rodzicielstwa.<\/p>\n<\/div><div class=\"sc_services_columns_wrap sc_item_columns sc_item_columns_3 trx_addons_columns_wrap columns_padding_bottom\"><div class=\"trx_addons_column-1_3\"><div class=\"sc_services_item with_content with_image sc_services_item_featured_top\">\n\t<div class=\"post_featured with_thumb hover_icon sc_services_item_thumb\"><img loading=\"lazy\" decoding=\"async\" width=\"406\" height=\"261\" src=\"https:\/\/www.ginekologiatomaszow.pl\/wp-content\/uploads\/2017\/09\/lovely-couple-sitting-bed-while-woman-calm-down-her-boyfriend-which-upset-406x261.jpg\" class=\"attachment-angela-thumb-med size-angela-thumb-med wp-post-image\" alt=\"\" \/><div class=\"mask\"><\/div><div class=\"icons\"><a href=\"https:\/\/www.ginekologiatomaszow.pl\/index.php\/services\/diagnostyka-i-terapia-nieplodnosci\/\" aria-hidden=\"true\" class=\"icon-view\"><\/a><\/div><\/div>\t\n\t<div class=\"sc_services_item_info\">\n\t\t<div class=\"sc_services_item_header\">\n\t\t\t\t\t\t<h6 class=\"sc_services_item_title\"><a href=\"https:\/\/www.ginekologiatomaszow.pl\/index.php\/services\/diagnostyka-i-terapia-nieplodnosci\/\">Diagnostyka i terapia niep\u0142odno\u015bci<\/a><\/h6>\n\t\t<\/div>\n\t\t\t\t\t<div class=\"sc_services_item_content\"><p>Trudno\u015bci z zaj\u015bciem w ci\u0105\u017c\u0119 s\u0105 coraz cz\u0119stszym problemem, jednak w wielu przypadkach mo\u017cliwe jest szybkie ustalenie przyczyny oraz wdro\u017cenie skutecznego leczenia.<\/p>\n<\/div>\n            <div class=\"sc_services_item_button sc_item_button\"><a href=\"https:\/\/www.ginekologiatomaszow.pl\/index.php\/services\/diagnostyka-i-terapia-nieplodnosci\/\" class=\"sc_button sc_button_iconed\"><span class=\"sc_button_icon\"><span class=\"icon-double-right\"><\/span><\/span><\/a><\/div>\n\t\t\t<\/div>\n<\/div>\n<\/div><div class=\"trx_addons_column-1_3\"><div class=\"sc_services_item with_content with_image sc_services_item_featured_top\">\n\t<div class=\"post_featured with_thumb hover_icon sc_services_item_thumb\"><img loading=\"lazy\" decoding=\"async\" width=\"406\" height=\"261\" src=\"https:\/\/www.ginekologiatomaszow.pl\/wp-content\/uploads\/2017\/09\/medium-shot-smiley-woman-doctor-chatting-406x261.jpg\" class=\"attachment-angela-thumb-med size-angela-thumb-med wp-post-image\" alt=\"\" \/><div class=\"mask\"><\/div><div class=\"icons\"><a href=\"https:\/\/www.ginekologiatomaszow.pl\/index.php\/services\/stymulacja-owulacji\/\" aria-hidden=\"true\" class=\"icon-view\"><\/a><\/div><\/div>\t\n\t<div class=\"sc_services_item_info\">\n\t\t<div class=\"sc_services_item_header\">\n\t\t\t\t\t\t<h6 class=\"sc_services_item_title\"><a href=\"https:\/\/www.ginekologiatomaszow.pl\/index.php\/services\/stymulacja-owulacji\/\">Stymulacja owulacji<\/a><\/h6>\n\t\t<\/div>\n\t\t\t\t\t<div class=\"sc_services_item_content\"><p>Stymulacja owulacji jest jedn\u0105 z najcz\u0119\u015bciej stosowanych metod leczenia zaburze\u0144 owulacyjnych, kt\u00f3re stanowi\u0105 istotn\u0105 przyczyn\u0119 trudno\u015bci z zaj\u015bciem w ci\u0105\u017c\u0119.<\/p>\n<\/div>\n            <div class=\"sc_services_item_button sc_item_button\"><a href=\"https:\/\/www.ginekologiatomaszow.pl\/index.php\/services\/stymulacja-owulacji\/\" class=\"sc_button sc_button_iconed\"><span class=\"sc_button_icon\"><span class=\"icon-double-right\"><\/span><\/span><\/a><\/div>\n\t\t\t<\/div>\n<\/div>\n<\/div><div class=\"trx_addons_column-1_3\"><div class=\"sc_services_item with_content with_image sc_services_item_featured_top\">\n\t<div class=\"post_featured with_thumb hover_icon sc_services_item_thumb\"><img loading=\"lazy\" decoding=\"async\" width=\"406\" height=\"261\" src=\"https:\/\/www.ginekologiatomaszow.pl\/wp-content\/uploads\/2017\/09\/doctor-checking-patients-health-406x261.jpg\" class=\"attachment-angela-thumb-med size-angela-thumb-med wp-post-image\" alt=\"\" \/><div class=\"mask\"><\/div><div class=\"icons\"><a href=\"https:\/\/www.ginekologiatomaszow.pl\/index.php\/services\/sono-hsg-badanie-droznosci-jajowodow\/\" aria-hidden=\"true\" class=\"icon-view\"><\/a><\/div><\/div>\t\n\t<div class=\"sc_services_item_info\">\n\t\t<div class=\"sc_services_item_header\">\n\t\t\t\t\t\t<h6 class=\"sc_services_item_title\"><a href=\"https:\/\/www.ginekologiatomaszow.pl\/index.php\/services\/sono-hsg-badanie-droznosci-jajowodow\/\">Sono hsg \u2013 badanie dro\u017cno\u015bci jajowod\u00f3w<\/a><\/h6>\n\t\t<\/div>\n\t\t\t\t\t<div class=\"sc_services_item_content\"><p>Sono HSG to nowoczesne, ma\u0142oinwazyjne badanie ultrasonograficzne umo\u017cliwiaj\u0105ce ocen\u0119 dro\u017cno\u015bci jajowod\u00f3w.<\/p>\n<\/div>\n            <div class=\"sc_services_item_button sc_item_button\"><a href=\"https:\/\/www.ginekologiatomaszow.pl\/index.php\/services\/sono-hsg-badanie-droznosci-jajowodow\/\" class=\"sc_button sc_button_iconed\"><span class=\"sc_button_icon\"><span class=\"icon-double-right\"><\/span><\/span><\/a><\/div>\n\t\t\t<\/div>\n<\/div>\n<\/div><\/div><\/div><!-- \/.sc_services -->[vc_empty_space alter_height=&#8221;medium&#8221; hide_on_desktop=&#8221;&#8221; hide_on_notebook=&#8221;&#8221; hide_on_tablet=&#8221;&#8221; hide_on_mobile=&#8221;&#8221; css=&#8221;.vc_custom_1511528486021{margin-bottom: 0.4rem !important;}&#8221;][\/vc_column][\/vc_row][vc_row scheme=&#8221;dark&#8221; hide_bg_image_on_tablet=&#8221;&#8221; hide_bg_image_on_mobile=&#8221;&#8221; css=&#8221;.vc_custom_1511529660588{background-size: cover !important;}&#8221;][vc_column icons_position=&#8221;left&#8221; offset=&#8221;vc_hidden-sm vc_hidden-xs&#8221;][\/vc_column][\/vc_row][vc_row][vc_column icons_position=&#8221;left&#8221;]<div id=\"sc_content_1450652410\"\r\n\t\tclass=\"sc_content color_style_default sc_content_default sc_float_center  vc_custom_1771854875104\"><div class=\"sc_content_container\"><div id=\"widget_slider_578323560\" class=\"widget_area sc_widget_slider vc_widget_slider wpb_content_element\"><aside id=\"widget_slider_578323560_widget\" class=\"widget widget_slider\">\t\t\t<div class=\"slider_wrap slider_engine_swiper\">\r\n\t\t\t\t<div id=\"widget_slider_578323560_outer\" class=\"slider_outer slider_swiper_outer slider_style_default slider_outer_direction_horizontal slider_outer_one slider_outer_pagination slider_outer_pagination_bullets slider_outer_pagination_pos_right slider_outer_nocontrols slider_outer_titles_center\"><div id=\"widget_slider_578323560_swiper\" class=\"slider_container slider_swiper swiper-slider-container slider_nocontrols slider_titles_center slider_noresize slider_height_auto slider_direction_horizontal slider_pagination slider_pagination_bullets slider_pagination_pos_right slider_one slider_type_bg\" data-ratio=\"16:9\" data-interval=\"7000\" data-effect=\"slide\" data-pagination=\"bullets\" data-direction=\"horizontal\" data-slides-per-view=\"1\" data-slides-space=\"0\"><div class=\"slider-wrapper swiper-wrapper\"><div  id=\"slide_1287280667\" class=\"slider-slide swiper-slide\" style=\"\"><div class=\"slide_content\">[vc_row_inner equal_height=&#8221;yes&#8221; content_placement=&#8221;middle&#8221;][vc_column_inner icons_position=&#8221;left&#8221;][vc_empty_space alter_height=&#8221;medium&#8221; hide_on_desktop=&#8221;&#8221; hide_on_notebook=&#8221;&#8221; hide_on_tablet=&#8221;&#8221; hide_on_mobile=&#8221;&#8221;][vc_empty_space hide_on_desktop=&#8221;&#8221; hide_on_notebook=&#8221;&#8221; hide_on_tablet=&#8221;&#8221; hide_on_mobile=&#8221;&#8221;][\/vc_column_inner][vc_column_inner width=&#8221;1\/4&#8243; hide_bg_image_on_tablet=&#8221;&#8221; hide_bg_image_on_mobile=&#8221;&#8221; column_align=&#8221;right&#8221; icons_position=&#8221;left&#8221;][vc_single_image image=&#8221;692&#8243; img_size=&#8221;full&#8221; alignment=&#8221;right&#8221; style=&#8221;vc_box_circle&#8221; el_class=&#8221;mh48px&#8221;][\/vc_column_inner][vc_column_inner width=&#8221;7\/12&#8243; fix_column=&#8221;&#8221; shift_x=&#8221;small_negative&#8221; icons_position=&#8221;left&#8221; offset=&#8221;vc_col-md-offset-1 vc_col-md-6&#8243;][vc_column_text css=&#8221;&#8221; el_class=&#8221;title083&#8243;]<\/p>\n<h4 class=\"trx_addons_no_margin\"><big>30%<\/big> Kobiet odk\u0142ada wizyt\u0119 mimo objaw\u00f3w<\/h4>\n<p>[\/vc_column_text][vc_column_text css=&#8221;.vc_custom_1771446214510{margin-top: 0.5rem !important;}&#8221;]<span class=\"trx_addons_dark\">Regularne badania zwi\u0119kszaj\u0105 szanse na wczesne wykrycie zmian<\/span>[\/vc_column_text][\/vc_column_inner][vc_column_inner icons_position=&#8221;left&#8221;][vc_empty_space hide_on_desktop=&#8221;&#8221; hide_on_notebook=&#8221;&#8221; hide_on_tablet=&#8221;&#8221; hide_on_mobile=&#8221;&#8221;][vc_empty_space alter_height=&#8221;medium&#8221; hide_on_desktop=&#8221;&#8221; hide_on_notebook=&#8221;&#8221; hide_on_tablet=&#8221;&#8221; hide_on_mobile=&#8221;&#8221;][\/vc_column_inner][\/vc_row_inner]<\/div><\/div><div  id=\"slide_1457782658\" class=\"slider-slide swiper-slide\" style=\"\"><div class=\"slide_content\">[vc_row_inner equal_height=&#8221;yes&#8221; content_placement=&#8221;middle&#8221;][vc_column_inner icons_position=&#8221;left&#8221;][vc_empty_space alter_height=&#8221;medium&#8221; hide_on_desktop=&#8221;&#8221; hide_on_notebook=&#8221;&#8221; hide_on_tablet=&#8221;&#8221; hide_on_mobile=&#8221;&#8221;][vc_empty_space hide_on_desktop=&#8221;&#8221; hide_on_notebook=&#8221;&#8221; hide_on_tablet=&#8221;&#8221; hide_on_mobile=&#8221;&#8221;][\/vc_column_inner][vc_column_inner width=&#8221;1\/4&#8243; hide_bg_image_on_tablet=&#8221;&#8221; hide_bg_image_on_mobile=&#8221;&#8221; column_align=&#8221;right&#8221; icons_position=&#8221;left&#8221;][vc_single_image image=&#8221;692&#8243; img_size=&#8221;full&#8221; alignment=&#8221;right&#8221; style=&#8221;vc_box_circle&#8221; el_class=&#8221;mh48px&#8221;][\/vc_column_inner][vc_column_inner width=&#8221;7\/12&#8243; fix_column=&#8221;&#8221; shift_x=&#8221;small_negative&#8221; icons_position=&#8221;left&#8221; offset=&#8221;vc_col-md-offset-1 vc_col-md-6&#8243;][vc_column_text css=&#8221;&#8221; el_class=&#8221;title083&#8243;]<\/p>\n<h4 class=\"trx_addons_no_margin\"><big>40%<\/big> Niep\u0142odno\u015bci to zaburzenia owulacji<\/h4>\n<p>[\/vc_column_text][vc_column_text css=&#8221;.vc_custom_1771446173212{margin-top: 0.5rem !important;}&#8221;]<span class=\"trx_addons_dark\">W\u0142a\u015bciwa diagnostyka cz\u0119sto pozwala szybko wdro\u017cy\u0107 skuteczne leczenie.<\/span>[\/vc_column_text][\/vc_column_inner][vc_column_inner icons_position=&#8221;left&#8221;][vc_empty_space hide_on_desktop=&#8221;&#8221; hide_on_notebook=&#8221;&#8221; hide_on_tablet=&#8221;&#8221; hide_on_mobile=&#8221;&#8221;][vc_empty_space alter_height=&#8221;medium&#8221; hide_on_desktop=&#8221;&#8221; hide_on_notebook=&#8221;&#8221; hide_on_tablet=&#8221;&#8221; hide_on_mobile=&#8221;&#8221;][\/vc_column_inner][\/vc_row_inner]<\/div><\/div><div  id=\"slide_654437870\" class=\"slider-slide swiper-slide\" style=\"\"><div class=\"slide_content\">[vc_row_inner equal_height=&#8221;yes&#8221; content_placement=&#8221;middle&#8221;][vc_column_inner icons_position=&#8221;left&#8221;][vc_empty_space alter_height=&#8221;medium&#8221; hide_on_desktop=&#8221;&#8221; hide_on_notebook=&#8221;&#8221; hide_on_tablet=&#8221;&#8221; hide_on_mobile=&#8221;&#8221;][vc_empty_space hide_on_desktop=&#8221;&#8221; hide_on_notebook=&#8221;&#8221; hide_on_tablet=&#8221;&#8221; hide_on_mobile=&#8221;&#8221;][\/vc_column_inner][vc_column_inner width=&#8221;1\/4&#8243; hide_bg_image_on_tablet=&#8221;&#8221; hide_bg_image_on_mobile=&#8221;&#8221; column_align=&#8221;right&#8221; icons_position=&#8221;left&#8221;][vc_single_image image=&#8221;692&#8243; img_size=&#8221;full&#8221; alignment=&#8221;right&#8221; style=&#8221;vc_box_circle&#8221; el_class=&#8221;mh48px&#8221;][\/vc_column_inner][vc_column_inner width=&#8221;7\/12&#8243; fix_column=&#8221;&#8221; shift_x=&#8221;small_negative&#8221; icons_position=&#8221;left&#8221; offset=&#8221;vc_col-md-offset-1 vc_col-md-6&#8243;][vc_column_text css=&#8221;&#8221; el_class=&#8221;title083&#8243;]<\/p>\n<h4 class=\"trx_addons_no_margin\"><big>60%<\/big> Kobiet odczuwa objawy menopauzy<\/h4>\n<p>[\/vc_column_text][vc_column_text css=&#8221;.vc_custom_1771446252319{margin-top: 0.5rem !important;}&#8221;]<span class=\"trx_addons_dark\">Odpowiednio dobrana terapia poprawia komfort \u017cycia<\/span>[\/vc_column_text][\/vc_column_inner][vc_column_inner icons_position=&#8221;left&#8221;][vc_empty_space hide_on_desktop=&#8221;&#8221; hide_on_notebook=&#8221;&#8221; hide_on_tablet=&#8221;&#8221; hide_on_mobile=&#8221;&#8221;][vc_empty_space alter_height=&#8221;medium&#8221; hide_on_desktop=&#8221;&#8221; hide_on_notebook=&#8221;&#8221; hide_on_tablet=&#8221;&#8221; hide_on_mobile=&#8221;&#8221;][\/vc_column_inner][\/vc_row_inner]<\/div><\/div><\/div><!-- \/.slider-wrapper --><div class=\"slider_pagination_wrap swiper-pagination\"><\/div><\/div><!-- \/.slider_container --><\/div><!-- \/.slider_outer -->\t\t\t<\/div>\r\n\t\t\t<\/aside><\/div><\/div><\/div><!-- \/.sc_content -->[\/vc_column][\/vc_row][vc_row][vc_column icons_position=&#8221;left&#8221; offset=&#8221;vc_hidden-lg vc_hidden-md&#8221;][vc_empty_space alter_height=&#8221;huge&#8221; hide_on_desktop=&#8221;&#8221; hide_on_notebook=&#8221;&#8221; hide_on_tablet=&#8221;&#8221; hide_on_mobile=&#8221;&#8221;][\/vc_column][\/vc_row][vc_row][vc_column][vc_empty_space hide_on_desktop=&#8221;&#8221; hide_on_notebook=&#8221;&#8221; hide_on_tablet=&#8221;&#8221; hide_on_mobile=&#8221;&#8221;][\/vc_column][\/vc_row]<\/p>\n<\/div>","protected":false},"excerpt":{"rendered":"<p>[vc_row][vc_column][vc_empty_space alter_height=&#8221;huge&#8221; hide_on_desktop=&#8221;&#8221; hide_on_notebook=&#8221;&#8221; hide_on_tablet=&#8221;&#8221; hide_on_mobile=&#8221;&#8221;][vc_empty_space alter_height=&#8221;medium&#8221; hide_on_desktop=&#8221;&#8221; hide_on_notebook=&#8221;&#8221; hide_on_tablet=&#8221;&#8221; hide_on_mobile=&#8221;&#8221; css=&#8221;.vc_custom_1511528486021{margin-bottom: 0.4rem !important;}&#8221;][\/vc_column][\/vc_row][vc_row scheme=&#8221;dark&#8221; hide_bg_image_on_tablet=&#8221;&#8221; hide_bg_image_on_mobile=&#8221;&#8221; css=&#8221;.vc_custom_1511529660588{background-size: cover !important;}&#8221;][vc_column icons_position=&#8221;left&#8221; offset=&#8221;vc_hidden-sm vc_hidden-xs&#8221;][\/vc_column][\/vc_row][vc_row][vc_column icons_position=&#8221;left&#8221;][\/vc_column][\/vc_row][vc_row][vc_column icons_position=&#8221;left&#8221; offset=&#8221;vc_hidden-lg vc_hidden-md&#8221;][vc_empty_space alter_height=&#8221;huge&#8221; hide_on_desktop=&#8221;&#8221; hide_on_notebook=&#8221;&#8221; hide_on_tablet=&#8221;&#8221; hide_on_mobile=&#8221;&#8221;][\/vc_column][\/vc_row][vc_row][vc_column][vc_empty_space hide_on_desktop=&#8221;&#8221; hide_on_notebook=&#8221;&#8221; hide_on_tablet=&#8221;&#8221; hide_on_mobile=&#8221;&#8221;][\/vc_column][\/vc_row]<\/p>\n","protected":false},"author":1,"featured_media":0,"parent":0,"menu_order":0,"comment_status":"closed","ping_status":"closed","template":"","meta":{"footnotes":""},"class_list":["post-388","page","type-page","status-publish","hentry"],"aioseo_notices":[],"_links":{"self":[{"href":"https:\/\/www.ginekologiatomaszow.pl\/index.php\/wp-json\/wp\/v2\/pages\/388","targetHints":{"allow":["GET"]}}],"collection":[{"href":"https:\/\/www.ginekologiatomaszow.pl\/index.php\/wp-json\/wp\/v2\/pages"}],"about":[{"href":"https:\/\/www.ginekologiatomaszow.pl\/index.php\/wp-json\/wp\/v2\/types\/page"}],"author":[{"embeddable":true,"href":"https:\/\/www.ginekologiatomaszow.pl\/index.php\/wp-json\/wp\/v2\/users\/1"}],"replies":[{"embeddable":true,"href":"https:\/\/www.ginekologiatomaszow.pl\/index.php\/wp-json\/wp\/v2\/comments?post=388"}],"version-history":[{"count":13,"href":"https:\/\/www.ginekologiatomaszow.pl\/index.php\/wp-json\/wp\/v2\/pages\/388\/revisions"}],"predecessor-version":[{"id":1523,"href":"https:\/\/www.ginekologiatomaszow.pl\/index.php\/wp-json\/wp\/v2\/pages\/388\/revisions\/1523"}],"wp:attachment":[{"href":"https:\/\/www.ginekologiatomaszow.pl\/index.php\/wp-json\/wp\/v2\/media?parent=388"}],"curies":[{"name":"wp","href":"https:\/\/api.w.org\/{rel}","templated":true}]}}