


{"id":296,"date":"2017-09-04T14:31:16","date_gmt":"2017-09-04T14:31:16","guid":{"rendered":"https:\/\/serwer420795.lh.pl\/autoinstalator\/serwer420795.lh.pl\/wordpress151603\/?page_id=296"},"modified":"2026-02-23T15:52:14","modified_gmt":"2026-02-23T14:52:14","slug":"kontakt","status":"publish","type":"page","link":"https:\/\/www.ginekologiatomaszow.pl\/index.php\/kontakt\/","title":{"rendered":"Kontakt"},"content":{"rendered":"<div class=\"wpb-content-wrapper\"><p>[vc_row hide_bg_image_on_tablet=&#8221;&#8221; hide_bg_image_on_mobile=&#8221;&#8221;][vc_column][vc_empty_space alter_height=&#8221;huge&#8221; hide_on_desktop=&#8221;&#8221; hide_on_notebook=&#8221;&#8221; hide_on_tablet=&#8221;&#8221; hide_on_mobile=&#8221;&#8221;][\/vc_column][vc_column hide_bg_image_on_tablet=&#8221;&#8221; hide_bg_image_on_mobile=&#8221;&#8221; offset=&#8221;vc_col-md-4&#8243;][vc_empty_space height=&#8221;1.3rem&#8221; alter_height=&#8221;none&#8221; hide_on_desktop=&#8221;&#8221; hide_on_notebook=&#8221;&#8221; hide_on_tablet=&#8221;&#8221; hide_on_mobile=&#8221;&#8221;]<div id=\"sc_title_214405256\"\r\n\t\tclass=\"sc_title color_style_default sc_title_default\"><h6 class=\"sc_item_subtitle sc_title_subtitle sc_align_left sc_item_title_style_default\"><span>Informacje<\/span><\/h6><h3 class=\"sc_item_title sc_title_title sc_align_left sc_item_title_style_default\">Kontakt<\/h3><div class=\"sc_item_descr sc_title_descr sc_align_left\"><p>Przyj\u0119cia pacjentek odbywaj\u0105 si\u0119 wy\u0142\u0105cznie<br \/>\npo telefonicznej rejestracji.<\/p>\n<\/div><\/div><!-- \/.sc_title --><div id=\"sc_icons_1485214531\" \r\n\tclass=\"sc_icons sc_icons_default sc_icons_size_small sc_align_left\"><div class=\"sc_icons_item\"><div class=\"sc_icons_image\"><img loading=\"lazy\" decoding=\"async\" src=\"https:\/\/www.ginekologiatomaszow.pl\/wp-content\/uploads\/2017\/09\/phone.png\" alt=\"\" width=\"96\" height=\"96\"><\/div><h4 class=\"sc_icons_item_title\"><span>Zadzwo\u0144 do nas:<\/span><\/h4><div class=\"sc_icons_item_description\"><span><a href=\"tel:+48 600 219 675\"> Rejestracja: +48 600 219 675<\/a><\/span><span><a href=\"tel:+48 536 006 226\"> Po\u0142o\u017cna: +48 536 006 226<\/a><\/span><span><a href=\"tel:+48 570 660 990\"> Fizjoterapia uroginekologiczna: +48 570 660 990<\/a><\/span><\/div><\/div><div class=\"sc_icons_item sc_icons_item_linked\"><div class=\"sc_icons_image\"><img loading=\"lazy\" decoding=\"async\" src=\"https:\/\/www.ginekologiatomaszow.pl\/wp-content\/uploads\/2017\/09\/send-a-message.png\" alt=\"\" width=\"96\" height=\"96\"><\/div><h4 class=\"sc_icons_item_title\"><span>E-mail<\/span><\/h4><div class=\"sc_icons_item_description\"><span>kontakt@ginekologiatomaszow.pl<\/span><\/div><a href=\"mailto:kontakt@ginekologiatomaszow.pl\" class=\"sc_icons_item_link\"><\/a><\/div><div class=\"sc_icons_item\"><div class=\"sc_icons_image\"><img loading=\"lazy\" decoding=\"async\" src=\"https:\/\/www.ginekologiatomaszow.pl\/wp-content\/uploads\/2017\/09\/visit.png\" alt=\"\" width=\"96\" height=\"96\"><\/div><h4 class=\"sc_icons_item_title\"><span>Adres gabinetu:<\/span><\/h4><div class=\"sc_icons_item_description\"><span>\u015awi\u0119tego Antoniego 18, lokal u\u017cytkowy nr. 4, 97-200 Tomasz\u00f3w Mazowiecki<\/span><\/div><\/div><\/div><!-- \/.sc_icons -->[\/vc_column][vc_column offset=&#8221;vc_hidden-lg vc_hidden-md&#8221;][vc_empty_space alter_height=&#8221;huge&#8221; hide_on_desktop=&#8221;&#8221; hide_on_notebook=&#8221;&#8221; hide_on_tablet=&#8221;&#8221; hide_on_mobile=&#8221;&#8221;][\/vc_column][vc_column offset=&#8221;vc_col-md-offset-1 vc_col-md-7&#8243;]<div id=\"sc_googlemap_673399097_wrap\" class=\"sc_googlemap_wrap\"><div id=\"sc_googlemap_673399097\"\r\n\t\t\tclass=\"sc_googlemap sc_googlemap_default\"\r\n\t\t\t style=\"width:100%;height:597px;\"\t\t\tdata-zoom=\"14\"\r\n\t\t\tdata-style=\"grey\"\r\n\t\t\tdata-cluster-icon=\"\"\r\n        ><iframe\r\n                    src=\"https:\/\/maps.google.com\/maps?t=m&output=embed&iwloc=near&z=14&q=%C5%9Awi%C4%99tego+Antoniego+18%2C+lokal+u%C5%BCytkowy+nr.+4%2C+97-200+Tomasz%C3%B3w+Mazowiecki\"\r\n                    scrolling=\"no\"\r\n                    marginheight=\"0\"\r\n                    marginwidth=\"0\"\r\n                    frameborder=\"0\"\r\n                    aria-label=\"\"><\/iframe><\/div><\/div><!-- \/.sc_googlemap_wrap -->[\/vc_column][vc_column][vc_empty_space alter_height=&#8221;huge&#8221; hide_on_desktop=&#8221;&#8221; hide_on_notebook=&#8221;&#8221; hide_on_tablet=&#8221;&#8221; hide_on_mobile=&#8221;&#8221; css=&#8221;.vc_custom_1511442287621{margin-top: -1.9rem !important;}&#8221;][\/vc_column][\/vc_row][vc_row full_width=&#8221;stretch_row&#8221; hide_bg_image_on_tablet=&#8221;&#8221; hide_bg_image_on_mobile=&#8221;&#8221; css=&#8221;.vc_custom_1771858330971{background-image: url(http:\/\/serwer420795.lh.pl\/autoinstalator\/serwer420795.lh.pl\/wordpress151603\/wp-content\/uploads\/2026\/02\/pion.jpg?id=1482) !important;background-position: top right !important;background-repeat: no-repeat !important;background-size: cover !important;}&#8221;][vc_column][vc_empty_space alter_height=&#8221;huge&#8221; hide_on_desktop=&#8221;&#8221; hide_on_notebook=&#8221;&#8221; hide_on_tablet=&#8221;&#8221; hide_on_mobile=&#8221;&#8221; css=&#8221;.vc_custom_1511442308013{margin-bottom: -0.7rem !important;}&#8221;][\/vc_column][vc_column width=&#8221;1\/2&#8243;][\/vc_column][vc_column offset=&#8221;vc_col-md-6&#8243;]<div id=\"sc_title_1386493370\"\r\n\t\tclass=\"sc_title color_style_default sc_title_default  vc_custom_1771312605143\"><h6 class=\"sc_item_subtitle sc_title_subtitle sc_align_left sc_item_title_style_default\"><span>Masz pytania?<\/span><\/h6><h2 class=\"sc_item_title sc_title_title sc_align_left sc_item_title_style_default sc_item_title_tag\">Skontaktuj si\u0119 z nami!<\/h2><\/div><!-- \/.sc_title -->\n<div class=\"wpcf7 no-js\" id=\"wpcf7-f834-o1\" lang=\"en-US\" dir=\"ltr\" data-wpcf7-id=\"834\">\n<div class=\"screen-reader-response\"><p role=\"status\" aria-live=\"polite\" aria-atomic=\"true\"><\/p> <ul><\/ul><\/div>\n<form action=\"\/index.php\/wp-json\/wp\/v2\/pages\/296#wpcf7-f834-o1\" method=\"post\" class=\"wpcf7-form init\" aria-label=\"Contact form\" novalidate=\"novalidate\" data-status=\"init\">\n<fieldset class=\"hidden-fields-container\"><input type=\"hidden\" name=\"_wpcf7\" value=\"834\" \/><input type=\"hidden\" name=\"_wpcf7_version\" value=\"6.1.5\" \/><input type=\"hidden\" name=\"_wpcf7_locale\" value=\"en_US\" \/><input type=\"hidden\" name=\"_wpcf7_unit_tag\" value=\"wpcf7-f834-o1\" \/><input type=\"hidden\" name=\"_wpcf7_container_post\" value=\"0\" \/><input type=\"hidden\" name=\"_wpcf7_posted_data_hash\" value=\"\" \/>\n<\/fieldset>\n<div class=\"flex\">\n<div class='itm row' ><span class=\"wpcf7-form-control-wrap\" data-name=\"your-name\"><input size=\"40\" maxlength=\"400\" class=\"wpcf7-form-control wpcf7-text wpcf7-validates-as-required\" aria-required=\"true\" aria-invalid=\"false\" placeholder=\"Imi\u0119*\" value=\"\" type=\"text\" name=\"your-name\" \/><\/span><\/div> \n<div class='itm row'><span class=\"wpcf7-form-control-wrap\" data-name=\"your-email\"><input size=\"40\" maxlength=\"400\" class=\"wpcf7-form-control wpcf7-email wpcf7-validates-as-required wpcf7-text wpcf7-validates-as-email\" aria-required=\"true\" aria-invalid=\"false\" placeholder=\"E-mail*\" value=\"\" type=\"email\" name=\"your-email\" \/><\/span><\/div><\/div>\n<div class=''><span class=\"wpcf7-form-control-wrap\" data-name=\"your-message\"><textarea cols=\"40\" rows=\"10\" maxlength=\"2000\" class=\"wpcf7-form-control wpcf7-textarea wpcf7-validates-as-required\" aria-required=\"true\" aria-invalid=\"false\" placeholder=\"Wiadomo\u015b\u0107*\" name=\"your-message\"><\/textarea><\/span><\/div>\n<div class=\"sc_form_field sc_form_field_button sc_form_field_submit\"><input class=\"wpcf7-form-control wpcf7-submit has-spinner\" type=\"submit\" value=\"Wy\u015blij wiadomo\u015b\u0107\" \/><\/div><div class=\"wpcf7-response-output\" aria-hidden=\"true\"><\/div>\n<\/form>\n<\/div>\n[\/vc_column][vc_column][vc_empty_space alter_height=&#8221;huge&#8221; hide_on_desktop=&#8221;&#8221; hide_on_notebook=&#8221;&#8221; hide_on_tablet=&#8221;&#8221; hide_on_mobile=&#8221;&#8221; css=&#8221;.vc_custom_1511442377737{margin-top: -0.3rem !important;}&#8221;][\/vc_column][\/vc_row]<\/p>\n<\/div>","protected":false},"excerpt":{"rendered":"<p>[vc_row hide_bg_image_on_tablet=&#8221;&#8221; hide_bg_image_on_mobile=&#8221;&#8221;][vc_column][vc_empty_space alter_height=&#8221;huge&#8221; hide_on_desktop=&#8221;&#8221; hide_on_notebook=&#8221;&#8221; hide_on_tablet=&#8221;&#8221; hide_on_mobile=&#8221;&#8221;][\/vc_column][vc_column hide_bg_image_on_tablet=&#8221;&#8221; hide_bg_image_on_mobile=&#8221;&#8221; offset=&#8221;vc_col-md-4&#8243;][vc_empty_space height=&#8221;1.3rem&#8221; alter_height=&#8221;none&#8221; hide_on_desktop=&#8221;&#8221; hide_on_notebook=&#8221;&#8221; hide_on_tablet=&#8221;&#8221; hide_on_mobile=&#8221;&#8221;][\/vc_column][vc_column offset=&#8221;vc_hidden-lg vc_hidden-md&#8221;][vc_empty_space alter_height=&#8221;huge&#8221; hide_on_desktop=&#8221;&#8221; hide_on_notebook=&#8221;&#8221; hide_on_tablet=&#8221;&#8221; hide_on_mobile=&#8221;&#8221;][\/vc_column][vc_column offset=&#8221;vc_col-md-offset-1 vc_col-md-7&#8243;][\/vc_column][vc_column][vc_empty_space alter_height=&#8221;huge&#8221; hide_on_desktop=&#8221;&#8221; hide_on_notebook=&#8221;&#8221; hide_on_tablet=&#8221;&#8221; hide_on_mobile=&#8221;&#8221; css=&#8221;.vc_custom_1511442287621{margin-top: -1.9rem !important;}&#8221;][\/vc_column][\/vc_row][vc_row full_width=&#8221;stretch_row&#8221; hide_bg_image_on_tablet=&#8221;&#8221; hide_bg_image_on_mobile=&#8221;&#8221; css=&#8221;.vc_custom_1771858330971{background-image: url(http:\/\/serwer420795.lh.pl\/autoinstalator\/serwer420795.lh.pl\/wordpress151603\/wp-content\/uploads\/2026\/02\/pion.jpg?id=1482) !important;background-position: top right !important;background-repeat: no-repeat !important;background-size: cover !important;}&#8221;][vc_column][vc_empty_space alter_height=&#8221;huge&#8221; hide_on_desktop=&#8221;&#8221; hide_on_notebook=&#8221;&#8221; hide_on_tablet=&#8221;&#8221; hide_on_mobile=&#8221;&#8221; css=&#8221;.vc_custom_1511442308013{margin-bottom: -0.7rem !important;}&#8221;][\/vc_column][vc_column width=&#8221;1\/2&#8243;][\/vc_column][vc_column offset=&#8221;vc_col-md-6&#8243;][\/vc_column][vc_column][vc_empty_space alter_height=&#8221;huge&#8221; hide_on_desktop=&#8221;&#8221; hide_on_notebook=&#8221;&#8221;&hellip;<\/p>\n","protected":false},"author":1,"featured_media":0,"parent":0,"menu_order":0,"comment_status":"closed","ping_status":"closed","template":"","meta":{"footnotes":""},"class_list":["post-296","page","type-page","status-publish","hentry"],"aioseo_notices":[],"_links":{"self":[{"href":"https:\/\/www.ginekologiatomaszow.pl\/index.php\/wp-json\/wp\/v2\/pages\/296","targetHints":{"allow":["GET"]}}],"collection":[{"href":"https:\/\/www.ginekologiatomaszow.pl\/index.php\/wp-json\/wp\/v2\/pages"}],"about":[{"href":"https:\/\/www.ginekologiatomaszow.pl\/index.php\/wp-json\/wp\/v2\/types\/page"}],"author":[{"embeddable":true,"href":"https:\/\/www.ginekologiatomaszow.pl\/index.php\/wp-json\/wp\/v2\/users\/1"}],"replies":[{"embeddable":true,"href":"https:\/\/www.ginekologiatomaszow.pl\/index.php\/wp-json\/wp\/v2\/comments?post=296"}],"version-history":[{"count":8,"href":"https:\/\/www.ginekologiatomaszow.pl\/index.php\/wp-json\/wp\/v2\/pages\/296\/revisions"}],"predecessor-version":[{"id":1517,"href":"https:\/\/www.ginekologiatomaszow.pl\/index.php\/wp-json\/wp\/v2\/pages\/296\/revisions\/1517"}],"wp:attachment":[{"href":"https:\/\/www.ginekologiatomaszow.pl\/index.php\/wp-json\/wp\/v2\/media?parent=296"}],"curies":[{"name":"wp","href":"https:\/\/api.w.org\/{rel}","templated":true}]}}