


{"id":1384,"date":"2026-02-19T09:28:23","date_gmt":"2026-02-19T08:28:23","guid":{"rendered":"https:\/\/serwer420795.lh.pl\/autoinstalator\/serwer420795.lh.pl\/wordpress151603\/?page_id=1384"},"modified":"2026-03-11T13:23:52","modified_gmt":"2026-03-11T12:23:52","slug":"uslugi","status":"publish","type":"page","link":"https:\/\/www.ginekologiatomaszow.pl\/index.php\/uslugi\/","title":{"rendered":"Us\u0142ugi"},"content":{"rendered":"<div class=\"wpb-content-wrapper\"><p>[vc_row][vc_column][vc_empty_space alter_height=&#8221;medium&#8221; hide_on_desktop=&#8221;&#8221; hide_on_notebook=&#8221;&#8221; hide_on_tablet=&#8221;&#8221; hide_on_mobile=&#8221;&#8221; css=&#8221;.vc_custom_1511528486021{margin-bottom: 0.4rem !important;}&#8221;]<div id=\"sc_title_744823407\"\r\n\t\tclass=\"sc_title color_style_default sc_title_default\"><h6 class=\"sc_item_subtitle sc_title_subtitle sc_align_center sc_item_title_style_default\"><span>Nasze us\u0142ugi<\/span><\/h6><h3 class=\"sc_item_title sc_title_title sc_align_center sc_item_title_style_default\">She med<\/h3><div class=\"sc_item_descr sc_title_descr sc_align_center\"><p>Kompleksowa opieka medyczna dla kobiet \u2013 od profilaktyki i diagnostyki, przez prowadzenie ci\u0105\u017cy, po specjalistyczne konsultacje i leczenie.<\/p>\n<\/div><\/div><!-- \/.sc_title -->[vc_row_inner][vc_column_inner width=&#8221;1\/2&#8243;][vc_single_image image=&#8221;1531&#8243; img_size=&#8221;300&#8243; alignment=&#8221;center&#8221; style=&#8221;vc_box_rounded&#8221; css=&#8221;&#8221; title=&#8221;Niep\u0142odno\u015b\u0107&#8221;][vc_column_text css=&#8221;.vc_custom_1771490701515{padding-top: 20px !important;}&#8221;]<\/p>\n<p style=\"text-align: center;\">Problemy z zaj\u015bciem w ci\u0105\u017c\u0119? W SHE MED oferujemy pe\u0142n\u0105<br \/>\ndiagnostyk\u0119 niep\u0142odno\u015bci, skuteczne terapie i indywidualny<br \/>\nplan leczenia. Um\u00f3w konsultacj\u0119.[\/vc_column_text][vc_btn title=&#8221;Zobacz wi\u0119cej&#8221; style=&#8221;flat&#8221; shape=&#8221;round&#8221; color=&#8221;violet&#8221; align=&#8221;center&#8221; css=&#8221;.vc_custom_1772791993238{padding-top: 20px !important;}&#8221; link=&#8221;url:https%3A%2F%2Fwww.ginekologiatomaszow.pl%2Findex.php%2Fnieplodnosc%2F&#8221;][\/vc_column_inner][vc_column_inner width=&#8221;1\/2&#8243;][vc_single_image image=&#8221;1534&#8243; img_size=&#8221;300&#8243; alignment=&#8221;center&#8221; style=&#8221;vc_box_rounded&#8221; css=&#8221;&#8221; title=&#8221;Po\u0142o\u017cnictwo&#8221;][vc_column_text css=&#8221;.vc_custom_1771490993700{padding-top: 20px !important;}&#8221;]<\/p>\n<p style=\"text-align: center;\">Zapewniamy nowoczesn\u0105 diagnostyk\u0119, kompleksowe<br \/>\nprowadzenie ci\u0105\u017cy oraz specjalistyczn\u0105 opiek\u0119 dostosowan\u0105<br \/>\ndo potrzeb przysz\u0142ej mamy na ka\u017cdym etapie.[\/vc_column_text][vc_btn title=&#8221;Zobacz wi\u0119cej&#8221; style=&#8221;flat&#8221; shape=&#8221;round&#8221; color=&#8221;violet&#8221; align=&#8221;center&#8221; css=&#8221;.vc_custom_1772804654693{padding-top: 20px !important;}&#8221; link=&#8221;url:https%3A%2F%2Fwww.ginekologiatomaszow.pl%2Findex.php%2Fpoloznictwo%2F&#8221;][\/vc_column_inner][\/vc_row_inner][vc_row_inner][vc_column_inner width=&#8221;1\/2&#8243;][vc_single_image image=&#8221;1335&#8243; img_size=&#8221;300&#8243; alignment=&#8221;center&#8221; style=&#8221;vc_box_rounded&#8221; css=&#8221;&#8221; title=&#8221;Ginekologia&#8221;][vc_column_text css=&#8221;.vc_custom_1771491064636{padding-top: 20px !important;}&#8221;]<\/p>\n<p style=\"text-align: center;\">Zapewniamy kompleksow\u0105 opiek\u0119 ginekologiczn\u0105,<br \/>\nnowoczesn\u0105 diagnostyk\u0119 oraz indywidualne<br \/>\npodej\u015bcie do zdrowia kobiety na ka\u017cdym etapie \u017cycia.[\/vc_column_text][vc_btn title=&#8221;Zobacz wi\u0119cej&#8221; style=&#8221;flat&#8221; shape=&#8221;round&#8221; color=&#8221;violet&#8221; align=&#8221;center&#8221; css=&#8221;.vc_custom_1771857430303{padding-top: 20px !important;}&#8221; link=&#8221;url:https%3A%2F%2Fserwer420795.lh.pl%2Fautoinstalator%2Fserwer420795.lh.pl%2Fwordpress151603%2Findex.php%2Fginekologia%2F&#8221;][\/vc_column_inner][vc_column_inner width=&#8221;1\/2&#8243;][vc_single_image image=&#8221;1361&#8243; img_size=&#8221;300&#8243; alignment=&#8221;center&#8221; style=&#8221;vc_box_rounded&#8221; css=&#8221;&#8221; title=&#8221;Po\u0142o\u017cna&#8221;][vc_column_text css=&#8221;.vc_custom_1771491149923{padding-top: 20px !important;}&#8221;]<\/p>\n<p style=\"text-align: center;\">Profesjonalne wsparcie po\u0142o\u017cnej na ka\u017cdym etapie<br \/>\nci\u0105\u017cy, przygotowania do porodu oraz<br \/>\nw okresie po\u0142ogu.[\/vc_column_text][vc_btn title=&#8221;Zobacz wi\u0119cej&#8221; style=&#8221;flat&#8221; shape=&#8221;round&#8221; color=&#8221;violet&#8221; align=&#8221;center&#8221; css=&#8221;.vc_custom_1771857405913{padding-top: 20px !important;}&#8221; link=&#8221;url:https%3A%2F%2Fserwer420795.lh.pl%2Fautoinstalator%2Fserwer420795.lh.pl%2Fwordpress151603%2Findex.php%2Fpolozna%2F&#8221;][\/vc_column_inner][\/vc_row_inner][vc_row_inner][vc_column_inner width=&#8221;1\/2&#8243;][vc_single_image image=&#8221;1540&#8243; img_size=&#8221;300&#8243; alignment=&#8221;center&#8221; style=&#8221;vc_box_rounded&#8221; css=&#8221;&#8221; title=&#8221;KTG&#8221;][vc_column_text css=&#8221;.vc_custom_1771857670600{padding-top: 20px !important;}&#8221;]<\/p>\n<p style=\"text-align: center;\">KTG (kardiotokografia) to bezpieczna i bezbolesna metoda<br \/>\nmonitorowania czynno\u015bci serca dziecka oraz skurcz\u00f3w macicy,<br \/>\npozwalaj\u0105ca oceni\u0107 dobrostan p\u0142odu w trakcie ci\u0105\u017cy i przed porodem.[\/vc_column_text][vc_btn title=&#8221;Zobacz wi\u0119cej&#8221; style=&#8221;flat&#8221; shape=&#8221;round&#8221; color=&#8221;violet&#8221; align=&#8221;center&#8221; css=&#8221;.vc_custom_1773231830194{padding-top: 20px !important;}&#8221; link=&#8221;url:https%3A%2F%2Fwww.ginekologiatomaszow.pl%2Findex.php%2Fservices%2Fktg%2F&#8221;][\/vc_column_inner][vc_column_inner width=&#8221;1\/2&#8243; hide_bg_image_on_tablet=&#8221;&#8221; hide_bg_image_on_mobile=&#8221;&#8221; css=&#8221;.vc_custom_1771856666496{padding-bottom: 100px !important;}&#8221;][vc_single_image image=&#8221;1490&#8243; img_size=&#8221;300&#8243; alignment=&#8221;center&#8221; style=&#8221;vc_box_rounded&#8221; css=&#8221;&#8221; title=&#8221;Fizjoterapia Uroginekologiczna&#8221;][vc_column_text css=&#8221;.vc_custom_1771491149923{padding-top: 20px !important;}&#8221;]<\/p>\n<p style=\"text-align: center;\">Profesjonalne wsparcie po\u0142o\u017cnej na ka\u017cdym etapie<br \/>\nci\u0105\u017cy, przygotowania do porodu oraz<br \/>\nw okresie po\u0142ogu.[\/vc_column_text][vc_btn title=&#8221;Zobacz wi\u0119cej&#8221; style=&#8221;flat&#8221; shape=&#8221;round&#8221; color=&#8221;violet&#8221; align=&#8221;center&#8221; css=&#8221;.vc_custom_1771857882282{margin-bottom: 100px !important;padding-top: 20px !important;}&#8221; link=&#8221;url:https%3A%2F%2Fserwer420795.lh.pl%2Fautoinstalator%2Fserwer420795.lh.pl%2Fwordpress151603%2Findex.php%2Fservices%2Ffizjoterapia-uroginekologiczna%2F&#8221;][\/vc_column_inner][\/vc_row_inner][vc_empty_space height=&#8221;50&#8243; hide_on_desktop=&#8221;&#8221; hide_on_notebook=&#8221;&#8221; hide_on_tablet=&#8221;&#8221; hide_on_mobile=&#8221;&#8221;][\/vc_column][\/vc_row][vc_row][vc_column icons_position=&#8221;left&#8221;]<div id=\"sc_content_707728388\"\r\n\t\tclass=\"sc_content color_style_default sc_content_default sc_float_center  vc_custom_1771854875104\"><div class=\"sc_content_container\"><div id=\"widget_slider_435672699\" class=\"widget_area sc_widget_slider vc_widget_slider wpb_content_element\"><aside id=\"widget_slider_435672699_widget\" class=\"widget widget_slider\">\t\t\t<div class=\"slider_wrap slider_engine_swiper\">\r\n\t\t\t\t<div id=\"widget_slider_435672699_outer\" class=\"slider_outer slider_swiper_outer slider_style_default slider_outer_direction_horizontal slider_outer_one slider_outer_pagination slider_outer_pagination_bullets slider_outer_pagination_pos_right slider_outer_nocontrols slider_outer_titles_center\"><div id=\"widget_slider_435672699_swiper\" class=\"slider_container slider_swiper swiper-slider-container slider_nocontrols slider_titles_center slider_noresize slider_height_auto slider_direction_horizontal slider_pagination slider_pagination_bullets slider_pagination_pos_right slider_one slider_type_bg\" data-ratio=\"16:9\" data-interval=\"7000\" data-effect=\"slide\" data-pagination=\"bullets\" data-direction=\"horizontal\" data-slides-per-view=\"1\" data-slides-space=\"0\"><div class=\"slider-wrapper swiper-wrapper\"><div  id=\"slide_1476246914\" class=\"slider-slide swiper-slide\" style=\"\"><div class=\"slide_content\">[vc_row_inner equal_height=&#8221;yes&#8221; content_placement=&#8221;middle&#8221;][vc_column_inner icons_position=&#8221;left&#8221;][vc_empty_space alter_height=&#8221;medium&#8221; hide_on_desktop=&#8221;&#8221; hide_on_notebook=&#8221;&#8221; hide_on_tablet=&#8221;&#8221; hide_on_mobile=&#8221;&#8221;][vc_empty_space hide_on_desktop=&#8221;&#8221; hide_on_notebook=&#8221;&#8221; hide_on_tablet=&#8221;&#8221; hide_on_mobile=&#8221;&#8221;][\/vc_column_inner][vc_column_inner width=&#8221;1\/4&#8243; hide_bg_image_on_tablet=&#8221;&#8221; hide_bg_image_on_mobile=&#8221;&#8221; column_align=&#8221;right&#8221; icons_position=&#8221;left&#8221;][vc_single_image image=&#8221;692&#8243; img_size=&#8221;full&#8221; alignment=&#8221;right&#8221; style=&#8221;vc_box_circle&#8221; el_class=&#8221;mh48px&#8221;][\/vc_column_inner][vc_column_inner width=&#8221;7\/12&#8243; fix_column=&#8221;&#8221; shift_x=&#8221;small_negative&#8221; icons_position=&#8221;left&#8221; offset=&#8221;vc_col-md-offset-1 vc_col-md-6&#8243;][vc_column_text css=&#8221;&#8221; el_class=&#8221;title083&#8243;]<\/p>\n<h4 class=\"trx_addons_no_margin\"><big>30%<\/big> Kobiet odk\u0142ada wizyt\u0119 mimo objaw\u00f3w<\/h4>\n<p>[\/vc_column_text][vc_column_text css=&#8221;.vc_custom_1771446214510{margin-top: 0.5rem !important;}&#8221;]<span class=\"trx_addons_dark\">Regularne badania zwi\u0119kszaj\u0105 szanse na wczesne wykrycie zmian<\/span>[\/vc_column_text][\/vc_column_inner][vc_column_inner icons_position=&#8221;left&#8221;][vc_empty_space hide_on_desktop=&#8221;&#8221; hide_on_notebook=&#8221;&#8221; hide_on_tablet=&#8221;&#8221; hide_on_mobile=&#8221;&#8221;][vc_empty_space alter_height=&#8221;medium&#8221; hide_on_desktop=&#8221;&#8221; hide_on_notebook=&#8221;&#8221; hide_on_tablet=&#8221;&#8221; hide_on_mobile=&#8221;&#8221;][\/vc_column_inner][\/vc_row_inner]<\/div><\/div><div  id=\"slide_530428549\" class=\"slider-slide swiper-slide\" style=\"\"><div class=\"slide_content\">[vc_row_inner equal_height=&#8221;yes&#8221; content_placement=&#8221;middle&#8221;][vc_column_inner icons_position=&#8221;left&#8221;][vc_empty_space alter_height=&#8221;medium&#8221; hide_on_desktop=&#8221;&#8221; hide_on_notebook=&#8221;&#8221; hide_on_tablet=&#8221;&#8221; hide_on_mobile=&#8221;&#8221;][vc_empty_space hide_on_desktop=&#8221;&#8221; hide_on_notebook=&#8221;&#8221; hide_on_tablet=&#8221;&#8221; hide_on_mobile=&#8221;&#8221;][\/vc_column_inner][vc_column_inner width=&#8221;1\/4&#8243; hide_bg_image_on_tablet=&#8221;&#8221; hide_bg_image_on_mobile=&#8221;&#8221; column_align=&#8221;right&#8221; icons_position=&#8221;left&#8221;][vc_single_image image=&#8221;692&#8243; img_size=&#8221;full&#8221; alignment=&#8221;right&#8221; style=&#8221;vc_box_circle&#8221; el_class=&#8221;mh48px&#8221;][\/vc_column_inner][vc_column_inner width=&#8221;7\/12&#8243; fix_column=&#8221;&#8221; shift_x=&#8221;small_negative&#8221; icons_position=&#8221;left&#8221; offset=&#8221;vc_col-md-offset-1 vc_col-md-6&#8243;][vc_column_text css=&#8221;&#8221; el_class=&#8221;title083&#8243;]<\/p>\n<h4 class=\"trx_addons_no_margin\"><big>40%<\/big> Niep\u0142odno\u015bci to zaburzenia owulacji<\/h4>\n<p>[\/vc_column_text][vc_column_text css=&#8221;.vc_custom_1771446173212{margin-top: 0.5rem !important;}&#8221;]<span class=\"trx_addons_dark\">W\u0142a\u015bciwa diagnostyka cz\u0119sto pozwala szybko wdro\u017cy\u0107 skuteczne leczenie.<\/span>[\/vc_column_text][\/vc_column_inner][vc_column_inner icons_position=&#8221;left&#8221;][vc_empty_space hide_on_desktop=&#8221;&#8221; hide_on_notebook=&#8221;&#8221; hide_on_tablet=&#8221;&#8221; hide_on_mobile=&#8221;&#8221;][vc_empty_space alter_height=&#8221;medium&#8221; hide_on_desktop=&#8221;&#8221; hide_on_notebook=&#8221;&#8221; hide_on_tablet=&#8221;&#8221; hide_on_mobile=&#8221;&#8221;][\/vc_column_inner][\/vc_row_inner]<\/div><\/div><div  id=\"slide_1133945895\" class=\"slider-slide swiper-slide\" style=\"\"><div class=\"slide_content\">[vc_row_inner equal_height=&#8221;yes&#8221; content_placement=&#8221;middle&#8221;][vc_column_inner icons_position=&#8221;left&#8221;][vc_empty_space alter_height=&#8221;medium&#8221; hide_on_desktop=&#8221;&#8221; hide_on_notebook=&#8221;&#8221; hide_on_tablet=&#8221;&#8221; hide_on_mobile=&#8221;&#8221;][vc_empty_space hide_on_desktop=&#8221;&#8221; hide_on_notebook=&#8221;&#8221; hide_on_tablet=&#8221;&#8221; hide_on_mobile=&#8221;&#8221;][\/vc_column_inner][vc_column_inner width=&#8221;1\/4&#8243; hide_bg_image_on_tablet=&#8221;&#8221; hide_bg_image_on_mobile=&#8221;&#8221; column_align=&#8221;right&#8221; icons_position=&#8221;left&#8221;][vc_single_image image=&#8221;692&#8243; img_size=&#8221;full&#8221; alignment=&#8221;right&#8221; style=&#8221;vc_box_circle&#8221; el_class=&#8221;mh48px&#8221;][\/vc_column_inner][vc_column_inner width=&#8221;7\/12&#8243; fix_column=&#8221;&#8221; shift_x=&#8221;small_negative&#8221; icons_position=&#8221;left&#8221; offset=&#8221;vc_col-md-offset-1 vc_col-md-6&#8243;][vc_column_text css=&#8221;&#8221; el_class=&#8221;title083&#8243;]<\/p>\n<h4 class=\"trx_addons_no_margin\"><big>60%<\/big> Kobiet odczuwa objawy menopauzy<\/h4>\n<p>[\/vc_column_text][vc_column_text css=&#8221;.vc_custom_1771446252319{margin-top: 0.5rem !important;}&#8221;]<span class=\"trx_addons_dark\">Odpowiednio dobrana terapia poprawia komfort \u017cycia<\/span>[\/vc_column_text][\/vc_column_inner][vc_column_inner icons_position=&#8221;left&#8221;][vc_empty_space hide_on_desktop=&#8221;&#8221; hide_on_notebook=&#8221;&#8221; hide_on_tablet=&#8221;&#8221; hide_on_mobile=&#8221;&#8221;][vc_empty_space alter_height=&#8221;medium&#8221; hide_on_desktop=&#8221;&#8221; hide_on_notebook=&#8221;&#8221; hide_on_tablet=&#8221;&#8221; hide_on_mobile=&#8221;&#8221;][\/vc_column_inner][\/vc_row_inner]<\/div><\/div><\/div><!-- \/.slider-wrapper --><div class=\"slider_pagination_wrap swiper-pagination\"><\/div><\/div><!-- \/.slider_container --><\/div><!-- \/.slider_outer -->\t\t\t<\/div>\r\n\t\t\t<\/aside><\/div><\/div><\/div><!-- \/.sc_content -->[\/vc_column][\/vc_row][vc_row][vc_column icons_position=&#8221;left&#8221; offset=&#8221;vc_hidden-lg vc_hidden-md&#8221;][vc_empty_space alter_height=&#8221;huge&#8221; hide_on_desktop=&#8221;&#8221; hide_on_notebook=&#8221;&#8221; hide_on_tablet=&#8221;&#8221; hide_on_mobile=&#8221;&#8221;][\/vc_column][\/vc_row][vc_row][vc_column][vc_empty_space hide_on_desktop=&#8221;&#8221; hide_on_notebook=&#8221;&#8221; hide_on_tablet=&#8221;&#8221; hide_on_mobile=&#8221;&#8221;][\/vc_column][\/vc_row]<\/p>\n<\/div>","protected":false},"excerpt":{"rendered":"<p>[vc_row][vc_column][vc_empty_space alter_height=&#8221;medium&#8221; hide_on_desktop=&#8221;&#8221; hide_on_notebook=&#8221;&#8221; hide_on_tablet=&#8221;&#8221; hide_on_mobile=&#8221;&#8221; css=&#8221;.vc_custom_1511528486021{margin-bottom: 0.4rem !important;}&#8221;][vc_row_inner][vc_column_inner width=&#8221;1\/2&#8243;][vc_single_image image=&#8221;1531&#8243; img_size=&#8221;300&#8243; alignment=&#8221;center&#8221; style=&#8221;vc_box_rounded&#8221; css=&#8221;&#8221; title=&#8221;Niep\u0142odno\u015b\u0107&#8221;][vc_column_text css=&#8221;.vc_custom_1771490701515{padding-top: 20px !important;}&#8221;] Problemy z zaj\u015bciem w ci\u0105\u017c\u0119? W SHE MED oferujemy pe\u0142n\u0105 diagnostyk\u0119 niep\u0142odno\u015bci, skuteczne terapie i indywidualny plan leczenia. Um\u00f3w konsultacj\u0119.[\/vc_column_text][vc_btn title=&#8221;Zobacz wi\u0119cej&#8221; style=&#8221;flat&#8221; shape=&#8221;round&#8221; color=&#8221;violet&#8221; align=&#8221;center&#8221; css=&#8221;.vc_custom_1772791993238{padding-top: 20px !important;}&#8221; link=&#8221;url:https%3A%2F%2Fwww.ginekologiatomaszow.pl%2Findex.php%2Fnieplodnosc%2F&#8221;][\/vc_column_inner][vc_column_inner width=&#8221;1\/2&#8243;][vc_single_image image=&#8221;1534&#8243; img_size=&#8221;300&#8243; alignment=&#8221;center&#8221; style=&#8221;vc_box_rounded&#8221; css=&#8221;&#8221; title=&#8221;Po\u0142o\u017cnictwo&#8221;][vc_column_text css=&#8221;.vc_custom_1771490993700{padding-top: 20px !important;}&#8221;] Zapewniamy&hellip;<\/p>\n","protected":false},"author":1,"featured_media":0,"parent":0,"menu_order":0,"comment_status":"closed","ping_status":"closed","template":"","meta":{"footnotes":""},"class_list":["post-1384","page","type-page","status-publish","hentry"],"aioseo_notices":[],"_links":{"self":[{"href":"https:\/\/www.ginekologiatomaszow.pl\/index.php\/wp-json\/wp\/v2\/pages\/1384","targetHints":{"allow":["GET"]}}],"collection":[{"href":"https:\/\/www.ginekologiatomaszow.pl\/index.php\/wp-json\/wp\/v2\/pages"}],"about":[{"href":"https:\/\/www.ginekologiatomaszow.pl\/index.php\/wp-json\/wp\/v2\/types\/page"}],"author":[{"embeddable":true,"href":"https:\/\/www.ginekologiatomaszow.pl\/index.php\/wp-json\/wp\/v2\/users\/1"}],"replies":[{"embeddable":true,"href":"https:\/\/www.ginekologiatomaszow.pl\/index.php\/wp-json\/wp\/v2\/comments?post=1384"}],"version-history":[{"count":20,"href":"https:\/\/www.ginekologiatomaszow.pl\/index.php\/wp-json\/wp\/v2\/pages\/1384\/revisions"}],"predecessor-version":[{"id":1541,"href":"https:\/\/www.ginekologiatomaszow.pl\/index.php\/wp-json\/wp\/v2\/pages\/1384\/revisions\/1541"}],"wp:attachment":[{"href":"https:\/\/www.ginekologiatomaszow.pl\/index.php\/wp-json\/wp\/v2\/media?parent=1384"}],"curies":[{"name":"wp","href":"https:\/\/api.w.org\/{rel}","templated":true}]}}