


{"id":1368,"date":"2026-02-19T08:27:33","date_gmt":"2026-02-19T07:27:33","guid":{"rendered":"https:\/\/serwer420795.lh.pl\/autoinstalator\/serwer420795.lh.pl\/wordpress151603\/?page_id=1368"},"modified":"2026-02-26T19:24:22","modified_gmt":"2026-02-26T18:24:22","slug":"poloznictwo","status":"publish","type":"page","link":"https:\/\/www.ginekologiatomaszow.pl\/index.php\/poloznictwo\/","title":{"rendered":"Po\u0142o\u017cnictwo"},"content":{"rendered":"<div class=\"wpb-content-wrapper\"><p>[vc_row][vc_column][vc_empty_space alter_height=&#8221;huge&#8221; hide_on_desktop=&#8221;&#8221; hide_on_notebook=&#8221;&#8221; hide_on_tablet=&#8221;&#8221; hide_on_mobile=&#8221;&#8221;]<div id=\"sc_services_2004084052\" class=\"sc_services color_style_default sc_services_light sc_services_featured_top\"><h6 class=\"sc_item_subtitle sc_services_subtitle sc_align_center sc_item_title_style_default\"><span>Nasze us\u0142ugi<\/span><\/h6><h3 class=\"sc_item_title sc_services_title sc_align_center sc_item_title_style_default\">Po\u0142o\u017cnictwo<\/h3><div class=\"sc_item_descr sc_services_descr sc_align_center\"><p>Specjalizujemy si\u0119 w kompleksowej opiece nad kobiet\u0105 w ci\u0105\u017cy \u2013 od jej planowania, przez prowadzenie<br \/>\nzar\u00f3wno ci\u0105\u017cy fizjologicznej jak i wysokiego ryzyka, a\u017c do po\u0142ogu. Oferujemy indywidualne podej\u015bcie,<br \/>\nnowoczesn\u0105 diagnostyk\u0119 prenataln\u0105 oraz sta\u0142\u0105 opiek\u0119 lekarza prowadz\u0105cego oraz po\u0142o\u017cnej, co zapewnia<br \/>\nbezpiecze\u0144stwo matce i dziecku przez ca\u0142y okres ci\u0105\u017cy i po\u0142ogu.<br \/>\nW ramach us\u0142ug po\u0142o\u017cniczych oferujemy prowadzenie ci\u0105\u017cy oraz wykonujemy:<br \/>\n\u2022 USG I trymestru, tzw. genetyczne (11\u201314 tyg.)<br \/>\n\u2022 USG II trymestru, tzw. po\u0142\u00f3wkowe (20\u201322 tyg.)<br \/>\n\u2022 USG III trymestru (28\u201332 tyg.)<br \/>\nW ramach diagnostyki prenatalnej wykonujemy r\u00f3wnie\u017c badania wolnego DNA p\u0142odowego (NIPT). Jest<br \/>\nto nowoczesne, nieinwazyjne badanie krwi matki, kt\u00f3re pozwala na bardzo wczesn\u0105 ocen\u0119 ryzyka<br \/>\nnajcz\u0119stszych wad chromosomalnych, takich jak zesp\u00f3\u0142 Downa, Edwardsa czy Patau.<br \/>\nBadanie mo\u017cna wykona\u0107 ju\u017c od 10. tygodnia ci\u0105\u017cy. Charakteryzuje si\u0119 ono bardzo wysok\u0105 czu\u0142o\u015bci\u0105 i<br \/>\ndok\u0142adno\u015bci\u0105, si\u0119gaj\u0105c\u0105 ponad 99% dla najcz\u0119stszych trisomii, dzi\u0119ki czemu stanowi wa\u017cne uzupe\u0142nienie<\/p>\n<p>bada\u0144 prenatalnych oraz pozwala na spokojniejsze prze\u017cywanie ci\u0105\u017cy.<br \/>\nZapewniamy r\u00f3wnie\u017c konsultacje przedkoncepcyjne, przygotowanie do ci\u0105\u017cy oraz opiek\u0119 nad kobietami<br \/>\npo leczeniu niep\u0142odno\u015bci i procedurach wspomaganego rozrodu.<br \/>\nW zakresie opieki oko\u0142oporodowej wsp\u00f3\u0142pracujemy ze Szpital Medeor, co umo\u017cliwia zapewnienie<br \/>\nci\u0105g\u0142o\u015bci opieki, konsultacji specjalistycznych oraz bezpieczne prowadzenie pacjentek do porodu w<br \/>\nnowoczesnym o\u015brodku.<\/p>\n<\/div><div class=\"sc_services_columns_wrap sc_item_columns sc_item_columns_3 trx_addons_columns_wrap columns_padding_bottom\"><div class=\"trx_addons_column-1_3\"><div class=\"sc_services_item with_content with_image sc_services_item_featured_top\">\n\t<div class=\"post_featured with_thumb hover_icon sc_services_item_thumb\"><img loading=\"lazy\" decoding=\"async\" width=\"406\" height=\"261\" src=\"https:\/\/www.ginekologiatomaszow.pl\/wp-content\/uploads\/2017\/09\/pregnant-woman-having-fetal-monitoring-by-doctor-406x261.jpg\" class=\"attachment-angela-thumb-med size-angela-thumb-med wp-post-image\" alt=\"\" \/><div class=\"mask\"><\/div><div class=\"icons\"><a href=\"https:\/\/www.ginekologiatomaszow.pl\/index.php\/services\/prowadzenie-ciazy\/\" aria-hidden=\"true\" class=\"icon-view\"><\/a><\/div><\/div>\t\n\t<div class=\"sc_services_item_info\">\n\t\t<div class=\"sc_services_item_header\">\n\t\t\t\t\t\t<h6 class=\"sc_services_item_title\"><a href=\"https:\/\/www.ginekologiatomaszow.pl\/index.php\/services\/prowadzenie-ciazy\/\">Prowadzenie ci\u0105\u017cy<\/a><\/h6>\n\t\t<\/div>\n\t\t\t\t\t<div class=\"sc_services_item_content\"><p>Zapewniamy kompleksowe prowadzenie ci\u0105\u017cy zgodnie z aktualnymi standardami medycznymi.<\/p>\n<\/div>\n            <div class=\"sc_services_item_button sc_item_button\"><a href=\"https:\/\/www.ginekologiatomaszow.pl\/index.php\/services\/prowadzenie-ciazy\/\" class=\"sc_button sc_button_iconed\"><span class=\"sc_button_icon\"><span class=\"icon-double-right\"><\/span><\/span><\/a><\/div>\n\t\t\t<\/div>\n<\/div>\n<\/div><div class=\"trx_addons_column-1_3\"><div class=\"sc_services_item with_content with_image sc_services_item_featured_top\">\n\t<div class=\"post_featured with_thumb hover_icon sc_services_item_thumb\"><img loading=\"lazy\" decoding=\"async\" width=\"406\" height=\"261\" src=\"https:\/\/www.ginekologiatomaszow.pl\/wp-content\/uploads\/2017\/09\/young-loving-pregnant-couple-visiting-doctor-together-406x261.jpg\" class=\"attachment-angela-thumb-med size-angela-thumb-med wp-post-image\" alt=\"\" \/><div class=\"mask\"><\/div><div class=\"icons\"><a href=\"https:\/\/www.ginekologiatomaszow.pl\/index.php\/services\/usg-ciazy\/\" aria-hidden=\"true\" class=\"icon-view\"><\/a><\/div><\/div>\t\n\t<div class=\"sc_services_item_info\">\n\t\t<div class=\"sc_services_item_header\">\n\t\t\t\t\t\t<h6 class=\"sc_services_item_title\"><a href=\"https:\/\/www.ginekologiatomaszow.pl\/index.php\/services\/usg-ciazy\/\">Usg ci\u0105\u017cy<\/a><\/h6>\n\t\t<\/div>\n\t\t\t\t\t<div class=\"sc_services_item_content\"><p>Badanie USG w ci\u0105\u017cy stanowi podstaw\u0119 nowoczesnej diagnostyki prenatalnej i pozwala na bie\u017c\u0105co monitorowa\u0107 rozw\u00f3j dziecka oraz przebieg ci\u0105\u017cy.<\/p>\n<\/div>\n            <div class=\"sc_services_item_button sc_item_button\"><a href=\"https:\/\/www.ginekologiatomaszow.pl\/index.php\/services\/usg-ciazy\/\" class=\"sc_button sc_button_iconed\"><span class=\"sc_button_icon\"><span class=\"icon-double-right\"><\/span><\/span><\/a><\/div>\n\t\t\t<\/div>\n<\/div>\n<\/div><div class=\"trx_addons_column-1_3\"><div class=\"sc_services_item with_content with_image sc_services_item_featured_top\">\n\t<div class=\"post_featured with_thumb hover_icon sc_services_item_thumb\"><img loading=\"lazy\" decoding=\"async\" width=\"406\" height=\"261\" src=\"https:\/\/www.ginekologiatomaszow.pl\/wp-content\/uploads\/2017\/09\/beautiful-female-doctor-sitting-her-office-near-ultrasound-sc-406x261.jpg\" class=\"attachment-angela-thumb-med size-angela-thumb-med wp-post-image\" alt=\"\" \/><div class=\"mask\"><\/div><div class=\"icons\"><a href=\"https:\/\/www.ginekologiatomaszow.pl\/index.php\/services\/usg-3d-i-4d\/\" aria-hidden=\"true\" class=\"icon-view\"><\/a><\/div><\/div>\t\n\t<div class=\"sc_services_item_info\">\n\t\t<div class=\"sc_services_item_header\">\n\t\t\t\t\t\t<h6 class=\"sc_services_item_title\"><a href=\"https:\/\/www.ginekologiatomaszow.pl\/index.php\/services\/usg-3d-i-4d\/\">Usg 3d i 4d<\/a><\/h6>\n\t\t<\/div>\n\t\t\t\t\t<div class=\"sc_services_item_content\"><p>USG 3D i 4D to nowoczesna technika obrazowania pozwalaj\u0105ca uzyska\u0107 przestrzenny obraz dziecka w \u0142onie mamy.<\/p>\n<\/div>\n            <div class=\"sc_services_item_button sc_item_button\"><a href=\"https:\/\/www.ginekologiatomaszow.pl\/index.php\/services\/usg-3d-i-4d\/\" class=\"sc_button sc_button_iconed\"><span class=\"sc_button_icon\"><span class=\"icon-double-right\"><\/span><\/span><\/a><\/div>\n\t\t\t<\/div>\n<\/div>\n<\/div><div class=\"trx_addons_column-1_3\"><div class=\"sc_services_item with_content with_image sc_services_item_featured_top\">\n\t<div class=\"post_featured with_thumb hover_icon sc_services_item_thumb\"><img loading=\"lazy\" decoding=\"async\" width=\"406\" height=\"261\" src=\"https:\/\/www.ginekologiatomaszow.pl\/wp-content\/uploads\/2017\/09\/doctor-using-stethoscope-examining-pregnant-woman-406x261.jpg\" class=\"attachment-angela-thumb-med size-angela-thumb-med wp-post-image\" alt=\"\" \/><div class=\"mask\"><\/div><div class=\"icons\"><a href=\"https:\/\/www.ginekologiatomaszow.pl\/index.php\/services\/opieka-okoloporodowa\/\" aria-hidden=\"true\" class=\"icon-view\"><\/a><\/div><\/div>\t\n\t<div class=\"sc_services_item_info\">\n\t\t<div class=\"sc_services_item_header\">\n\t\t\t\t\t\t<h6 class=\"sc_services_item_title\"><a href=\"https:\/\/www.ginekologiatomaszow.pl\/index.php\/services\/opieka-okoloporodowa\/\">Opieka oko\u0142oporodowa<\/a><\/h6>\n\t\t<\/div>\n\t\t\t\t\t<div class=\"sc_services_item_content\"><p>Opieka oko\u0142oporodowa obejmuje przygotowanie do porodu oraz wsparcie medyczne w ostatnich tygodniach ci\u0105\u017cy.<\/p>\n<\/div>\n            <div class=\"sc_services_item_button sc_item_button\"><a href=\"https:\/\/www.ginekologiatomaszow.pl\/index.php\/services\/opieka-okoloporodowa\/\" class=\"sc_button sc_button_iconed\"><span class=\"sc_button_icon\"><span class=\"icon-double-right\"><\/span><\/span><\/a><\/div>\n\t\t\t<\/div>\n<\/div>\n<\/div><div class=\"trx_addons_column-1_3\"><div class=\"sc_services_item with_content with_image sc_services_item_featured_top\">\n\t<div class=\"post_featured with_thumb hover_icon sc_services_item_thumb\"><img loading=\"lazy\" decoding=\"async\" width=\"406\" height=\"261\" src=\"https:\/\/www.ginekologiatomaszow.pl\/wp-content\/uploads\/2017\/09\/portrait-lonely-sad-woman-406x261.jpg\" class=\"attachment-angela-thumb-med size-angela-thumb-med wp-post-image\" alt=\"\" \/><div class=\"mask\"><\/div><div class=\"icons\"><a href=\"https:\/\/www.ginekologiatomaszow.pl\/index.php\/services\/opieka-w-pologu\/\" aria-hidden=\"true\" class=\"icon-view\"><\/a><\/div><\/div>\t\n\t<div class=\"sc_services_item_info\">\n\t\t<div class=\"sc_services_item_header\">\n\t\t\t\t\t\t<h6 class=\"sc_services_item_title\"><a href=\"https:\/\/www.ginekologiatomaszow.pl\/index.php\/services\/opieka-w-pologu\/\">Opieka w po\u0142ogu<\/a><\/h6>\n\t\t<\/div>\n\t\t\t\t\t<div class=\"sc_services_item_content\"><p>Okres po\u0142ogu to czas intensywnych zmian w organizmie kobiety. Oferujemy kontrol\u0119 stanu zdrowia po porodzie.<\/p>\n<\/div>\n            <div class=\"sc_services_item_button sc_item_button\"><a href=\"https:\/\/www.ginekologiatomaszow.pl\/index.php\/services\/opieka-w-pologu\/\" class=\"sc_button sc_button_iconed\"><span class=\"sc_button_icon\"><span class=\"icon-double-right\"><\/span><\/span><\/a><\/div>\n\t\t\t<\/div>\n<\/div>\n<\/div><\/div><\/div><!-- \/.sc_services -->[vc_empty_space alter_height=&#8221;medium&#8221; hide_on_desktop=&#8221;&#8221; hide_on_notebook=&#8221;&#8221; hide_on_tablet=&#8221;&#8221; hide_on_mobile=&#8221;&#8221; css=&#8221;.vc_custom_1511528486021{margin-bottom: 0.4rem !important;}&#8221;][\/vc_column][\/vc_row][vc_row scheme=&#8221;dark&#8221; hide_bg_image_on_tablet=&#8221;&#8221; hide_bg_image_on_mobile=&#8221;&#8221; css=&#8221;.vc_custom_1511529660588{background-size: cover !important;}&#8221;][vc_column icons_position=&#8221;left&#8221; offset=&#8221;vc_hidden-sm vc_hidden-xs&#8221;]<div id=\"sc_content_970186907\"\r\n\t\tclass=\"sc_content color_style_default sc_content_default sc_float_center  vc_custom_1771854875104\"><div class=\"sc_content_container\"><div id=\"widget_slider_474448407\" class=\"widget_area sc_widget_slider vc_widget_slider wpb_content_element\"><aside id=\"widget_slider_474448407_widget\" class=\"widget widget_slider\">\t\t\t<div class=\"slider_wrap slider_engine_swiper\">\r\n\t\t\t\t<div id=\"widget_slider_474448407_outer\" class=\"slider_outer slider_swiper_outer slider_style_default slider_outer_direction_horizontal slider_outer_one slider_outer_pagination slider_outer_pagination_bullets slider_outer_pagination_pos_right slider_outer_nocontrols slider_outer_titles_center\"><div id=\"widget_slider_474448407_swiper\" class=\"slider_container slider_swiper swiper-slider-container slider_nocontrols slider_titles_center slider_noresize slider_height_auto slider_direction_horizontal slider_pagination slider_pagination_bullets slider_pagination_pos_right slider_one slider_type_bg\" data-ratio=\"16:9\" data-interval=\"7000\" data-effect=\"slide\" data-pagination=\"bullets\" data-direction=\"horizontal\" data-slides-per-view=\"1\" data-slides-space=\"0\"><div class=\"slider-wrapper swiper-wrapper\"><div  id=\"slide_646602036\" class=\"slider-slide swiper-slide\" style=\"\"><div class=\"slide_content\">[vc_row_inner equal_height=&#8221;yes&#8221; content_placement=&#8221;middle&#8221;][vc_column_inner icons_position=&#8221;left&#8221;][vc_empty_space alter_height=&#8221;medium&#8221; hide_on_desktop=&#8221;&#8221; hide_on_notebook=&#8221;&#8221; hide_on_tablet=&#8221;&#8221; hide_on_mobile=&#8221;&#8221;][vc_empty_space hide_on_desktop=&#8221;&#8221; hide_on_notebook=&#8221;&#8221; hide_on_tablet=&#8221;&#8221; hide_on_mobile=&#8221;&#8221;][\/vc_column_inner][vc_column_inner width=&#8221;1\/4&#8243; hide_bg_image_on_tablet=&#8221;&#8221; hide_bg_image_on_mobile=&#8221;&#8221; column_align=&#8221;right&#8221; icons_position=&#8221;left&#8221;][vc_single_image image=&#8221;692&#8243; img_size=&#8221;full&#8221; alignment=&#8221;right&#8221; style=&#8221;vc_box_circle&#8221; el_class=&#8221;mh48px&#8221;][\/vc_column_inner][vc_column_inner width=&#8221;7\/12&#8243; fix_column=&#8221;&#8221; shift_x=&#8221;small_negative&#8221; icons_position=&#8221;left&#8221; offset=&#8221;vc_col-md-offset-1 vc_col-md-6&#8243;][vc_column_text css=&#8221;&#8221; el_class=&#8221;title083&#8243;]<\/p>\n<h4 class=\"trx_addons_no_margin\"><big>30%<\/big> Kobiet odk\u0142ada wizyt\u0119 mimo objaw\u00f3w<\/h4>\n<p>[\/vc_column_text][vc_column_text css=&#8221;.vc_custom_1771446214510{margin-top: 0.5rem !important;}&#8221;]<span class=\"trx_addons_dark\">Regularne badania zwi\u0119kszaj\u0105 szanse na wczesne wykrycie zmian<\/span>[\/vc_column_text][\/vc_column_inner][vc_column_inner icons_position=&#8221;left&#8221;][vc_empty_space hide_on_desktop=&#8221;&#8221; hide_on_notebook=&#8221;&#8221; hide_on_tablet=&#8221;&#8221; hide_on_mobile=&#8221;&#8221;][vc_empty_space alter_height=&#8221;medium&#8221; hide_on_desktop=&#8221;&#8221; hide_on_notebook=&#8221;&#8221; hide_on_tablet=&#8221;&#8221; hide_on_mobile=&#8221;&#8221;][\/vc_column_inner][\/vc_row_inner]<\/div><\/div><div  id=\"slide_2056387179\" class=\"slider-slide swiper-slide\" style=\"\"><div class=\"slide_content\">[vc_row_inner equal_height=&#8221;yes&#8221; content_placement=&#8221;middle&#8221;][vc_column_inner icons_position=&#8221;left&#8221;][vc_empty_space alter_height=&#8221;medium&#8221; hide_on_desktop=&#8221;&#8221; hide_on_notebook=&#8221;&#8221; hide_on_tablet=&#8221;&#8221; hide_on_mobile=&#8221;&#8221;][vc_empty_space hide_on_desktop=&#8221;&#8221; hide_on_notebook=&#8221;&#8221; hide_on_tablet=&#8221;&#8221; hide_on_mobile=&#8221;&#8221;][\/vc_column_inner][vc_column_inner width=&#8221;1\/4&#8243; hide_bg_image_on_tablet=&#8221;&#8221; hide_bg_image_on_mobile=&#8221;&#8221; column_align=&#8221;right&#8221; icons_position=&#8221;left&#8221;][vc_single_image image=&#8221;692&#8243; img_size=&#8221;full&#8221; alignment=&#8221;right&#8221; style=&#8221;vc_box_circle&#8221; el_class=&#8221;mh48px&#8221;][\/vc_column_inner][vc_column_inner width=&#8221;7\/12&#8243; fix_column=&#8221;&#8221; shift_x=&#8221;small_negative&#8221; icons_position=&#8221;left&#8221; offset=&#8221;vc_col-md-offset-1 vc_col-md-6&#8243;][vc_column_text css=&#8221;&#8221; el_class=&#8221;title083&#8243;]<\/p>\n<h4 class=\"trx_addons_no_margin\"><big>40%<\/big> Niep\u0142odno\u015bci to zaburzenia owulacji<\/h4>\n<p>[\/vc_column_text][vc_column_text css=&#8221;.vc_custom_1771446173212{margin-top: 0.5rem !important;}&#8221;]<span class=\"trx_addons_dark\">W\u0142a\u015bciwa diagnostyka cz\u0119sto pozwala szybko wdro\u017cy\u0107 skuteczne leczenie.<\/span>[\/vc_column_text][\/vc_column_inner][vc_column_inner icons_position=&#8221;left&#8221;][vc_empty_space hide_on_desktop=&#8221;&#8221; hide_on_notebook=&#8221;&#8221; hide_on_tablet=&#8221;&#8221; hide_on_mobile=&#8221;&#8221;][vc_empty_space alter_height=&#8221;medium&#8221; hide_on_desktop=&#8221;&#8221; hide_on_notebook=&#8221;&#8221; hide_on_tablet=&#8221;&#8221; hide_on_mobile=&#8221;&#8221;][\/vc_column_inner][\/vc_row_inner]<\/div><\/div><div  id=\"slide_935904558\" class=\"slider-slide swiper-slide\" style=\"\"><div class=\"slide_content\">[vc_row_inner equal_height=&#8221;yes&#8221; content_placement=&#8221;middle&#8221;][vc_column_inner icons_position=&#8221;left&#8221;][vc_empty_space alter_height=&#8221;medium&#8221; hide_on_desktop=&#8221;&#8221; hide_on_notebook=&#8221;&#8221; hide_on_tablet=&#8221;&#8221; hide_on_mobile=&#8221;&#8221;][vc_empty_space hide_on_desktop=&#8221;&#8221; hide_on_notebook=&#8221;&#8221; hide_on_tablet=&#8221;&#8221; hide_on_mobile=&#8221;&#8221;][\/vc_column_inner][vc_column_inner width=&#8221;1\/4&#8243; hide_bg_image_on_tablet=&#8221;&#8221; hide_bg_image_on_mobile=&#8221;&#8221; column_align=&#8221;right&#8221; icons_position=&#8221;left&#8221;][vc_single_image image=&#8221;692&#8243; img_size=&#8221;full&#8221; alignment=&#8221;right&#8221; style=&#8221;vc_box_circle&#8221; el_class=&#8221;mh48px&#8221;][\/vc_column_inner][vc_column_inner width=&#8221;7\/12&#8243; fix_column=&#8221;&#8221; shift_x=&#8221;small_negative&#8221; icons_position=&#8221;left&#8221; offset=&#8221;vc_col-md-offset-1 vc_col-md-6&#8243;][vc_column_text css=&#8221;&#8221; el_class=&#8221;title083&#8243;]<\/p>\n<h4 class=\"trx_addons_no_margin\"><big>60%<\/big> Kobiet odczuwa objawy menopauzy<\/h4>\n<p>[\/vc_column_text][vc_column_text css=&#8221;.vc_custom_1771446252319{margin-top: 0.5rem !important;}&#8221;]<span class=\"trx_addons_dark\">Odpowiednio dobrana terapia poprawia komfort \u017cycia<\/span>[\/vc_column_text][\/vc_column_inner][vc_column_inner icons_position=&#8221;left&#8221;][vc_empty_space hide_on_desktop=&#8221;&#8221; hide_on_notebook=&#8221;&#8221; hide_on_tablet=&#8221;&#8221; hide_on_mobile=&#8221;&#8221;][vc_empty_space alter_height=&#8221;medium&#8221; hide_on_desktop=&#8221;&#8221; hide_on_notebook=&#8221;&#8221; hide_on_tablet=&#8221;&#8221; hide_on_mobile=&#8221;&#8221;][\/vc_column_inner][\/vc_row_inner]<\/div><\/div><\/div><!-- \/.slider-wrapper --><div class=\"slider_pagination_wrap swiper-pagination\"><\/div><\/div><!-- \/.slider_container --><\/div><!-- \/.slider_outer -->\t\t\t<\/div>\r\n\t\t\t<\/aside><\/div><\/div><\/div><!-- \/.sc_content -->[\/vc_column][\/vc_row][vc_row][vc_column icons_position=&#8221;left&#8221;][vc_empty_space alter_height=&#8221;huge&#8221; hide_on_desktop=&#8221;&#8221; hide_on_notebook=&#8221;&#8221; hide_on_tablet=&#8221;&#8221; hide_on_mobile=&#8221;&#8221;][\/vc_column][\/vc_row][vc_row][vc_column icons_position=&#8221;left&#8221; offset=&#8221;vc_hidden-lg vc_hidden-md&#8221;][vc_empty_space alter_height=&#8221;huge&#8221; hide_on_desktop=&#8221;&#8221; hide_on_notebook=&#8221;&#8221; hide_on_tablet=&#8221;&#8221; hide_on_mobile=&#8221;&#8221;][\/vc_column][\/vc_row]<\/p>\n<\/div>","protected":false},"excerpt":{"rendered":"<p>[vc_row][vc_column][vc_empty_space alter_height=&#8221;huge&#8221; hide_on_desktop=&#8221;&#8221; hide_on_notebook=&#8221;&#8221; hide_on_tablet=&#8221;&#8221; hide_on_mobile=&#8221;&#8221;][vc_empty_space alter_height=&#8221;medium&#8221; hide_on_desktop=&#8221;&#8221; hide_on_notebook=&#8221;&#8221; hide_on_tablet=&#8221;&#8221; hide_on_mobile=&#8221;&#8221; css=&#8221;.vc_custom_1511528486021{margin-bottom: 0.4rem !important;}&#8221;][\/vc_column][\/vc_row][vc_row scheme=&#8221;dark&#8221; hide_bg_image_on_tablet=&#8221;&#8221; hide_bg_image_on_mobile=&#8221;&#8221; css=&#8221;.vc_custom_1511529660588{background-size: cover !important;}&#8221;][vc_column icons_position=&#8221;left&#8221; offset=&#8221;vc_hidden-sm vc_hidden-xs&#8221;][\/vc_column][\/vc_row][vc_row][vc_column icons_position=&#8221;left&#8221;][vc_empty_space alter_height=&#8221;huge&#8221; hide_on_desktop=&#8221;&#8221; hide_on_notebook=&#8221;&#8221; hide_on_tablet=&#8221;&#8221; hide_on_mobile=&#8221;&#8221;][\/vc_column][\/vc_row][vc_row][vc_column icons_position=&#8221;left&#8221; offset=&#8221;vc_hidden-lg vc_hidden-md&#8221;][vc_empty_space alter_height=&#8221;huge&#8221; hide_on_desktop=&#8221;&#8221; hide_on_notebook=&#8221;&#8221; hide_on_tablet=&#8221;&#8221; hide_on_mobile=&#8221;&#8221;][\/vc_column][\/vc_row]<\/p>\n","protected":false},"author":1,"featured_media":0,"parent":0,"menu_order":0,"comment_status":"closed","ping_status":"closed","template":"","meta":{"footnotes":""},"class_list":["post-1368","page","type-page","status-publish","hentry"],"aioseo_notices":[],"_links":{"self":[{"href":"https:\/\/www.ginekologiatomaszow.pl\/index.php\/wp-json\/wp\/v2\/pages\/1368","targetHints":{"allow":["GET"]}}],"collection":[{"href":"https:\/\/www.ginekologiatomaszow.pl\/index.php\/wp-json\/wp\/v2\/pages"}],"about":[{"href":"https:\/\/www.ginekologiatomaszow.pl\/index.php\/wp-json\/wp\/v2\/types\/page"}],"author":[{"embeddable":true,"href":"https:\/\/www.ginekologiatomaszow.pl\/index.php\/wp-json\/wp\/v2\/users\/1"}],"replies":[{"embeddable":true,"href":"https:\/\/www.ginekologiatomaszow.pl\/index.php\/wp-json\/wp\/v2\/comments?post=1368"}],"version-history":[{"count":6,"href":"https:\/\/www.ginekologiatomaszow.pl\/index.php\/wp-json\/wp\/v2\/pages\/1368\/revisions"}],"predecessor-version":[{"id":1521,"href":"https:\/\/www.ginekologiatomaszow.pl\/index.php\/wp-json\/wp\/v2\/pages\/1368\/revisions\/1521"}],"wp:attachment":[{"href":"https:\/\/www.ginekologiatomaszow.pl\/index.php\/wp-json\/wp\/v2\/media?parent=1368"}],"curies":[{"name":"wp","href":"https:\/\/api.w.org\/{rel}","templated":true}]}}