


{"id":1321,"date":"2026-02-18T20:20:17","date_gmt":"2026-02-18T19:20:17","guid":{"rendered":"https:\/\/serwer420795.lh.pl\/autoinstalator\/serwer420795.lh.pl\/wordpress151603\/?page_id=1321"},"modified":"2026-02-18T20:48:36","modified_gmt":"2026-02-18T19:48:36","slug":"regulamin-strony-internetowej","status":"publish","type":"page","link":"https:\/\/www.ginekologiatomaszow.pl\/index.php\/regulamin-strony-internetowej\/","title":{"rendered":"Regulamin strony internetowej"},"content":{"rendered":"<div class=\"wpb-content-wrapper\"><p>[vc_row hide_bg_image_on_tablet=&#8221;&#8221; hide_bg_image_on_mobile=&#8221;&#8221; css=&#8221;.vc_custom_1527690588959{background-color: #f7f8f9 !important;}&#8221;][vc_column icons_position=&#8221;left&#8221;][vc_empty_space height=&#8221;4em&#8221; alter_height=&#8221;none&#8221; hide_on_desktop=&#8221;&#8221; hide_on_notebook=&#8221;&#8221; hide_on_tablet=&#8221;&#8221; hide_on_mobile=&#8221;&#8221;]<div id=\"sc_content_1441583071\"\r\n\t\tclass=\"sc_content color_style_default sc_content_default sc_float_center p70\"><div class=\"sc_content_container\">[vc_column_text css=&#8221;&#8221;]<\/p>\n<h4 data-start=\"3432\" data-end=\"3458\">\u00a71 Postanowienia og\u00f3lne<\/h4>\n<p data-start=\"3460\" data-end=\"3618\">Strona internetowa ma charakter informacyjny i nie stanowi porady medycznej. Informacje zawarte na stronie nie zast\u0119puj\u0105 indywidualnej konsultacji lekarskiej.<\/p>\n<hr data-start=\"3620\" data-end=\"3623\" \/>\n<h4 data-start=\"3625\" data-end=\"3648\">\u00a72 Rejestracja wizyt<\/h4>\n<p data-start=\"3650\" data-end=\"3822\">Rejestracja wizyty mo\u017ce odbywa\u0107 si\u0119 telefonicznie, mailowo lub poprzez formularz dost\u0119pny na stronie.<br data-start=\"3751\" data-end=\"3754\" \/>Podanie danych jest dobrowolne, lecz niezb\u0119dne do realizacji wizyty.<\/p>\n<hr data-start=\"3824\" data-end=\"3827\" \/>\n<h4 data-start=\"3829\" data-end=\"3851\">\u00a73 Odpowiedzialno\u015b\u0107<\/h4>\n<p data-start=\"3853\" data-end=\"4043\">Administrator dok\u0142ada wszelkich stara\u0144, aby tre\u015bci publikowane na stronie by\u0142y aktualne i rzetelne, jednak nie ponosi odpowiedzialno\u015bci za skutki ich wykorzystania bez konsultacji medycznej.<\/p>\n<hr data-start=\"4045\" data-end=\"4048\" \/>\n<h4 data-start=\"4050\" data-end=\"4071\">\u00a74 Prawa autorskie<\/h4>\n<p data-start=\"4073\" data-end=\"4196\">Wszelkie tre\u015bci, grafiki i materia\u0142y zamieszczone na stronie stanowi\u0105 w\u0142asno\u015b\u0107 Administratora i podlegaj\u0105 ochronie prawnej.<\/p>\n<hr data-start=\"4198\" data-end=\"4201\" \/>\n<h4 data-start=\"4203\" data-end=\"4230\">\u00a75 Postanowienia ko\u0144cowe<\/h4>\n<p data-start=\"4232\" data-end=\"4357\">Administrator zastrzega sobie prawo do zmiany Regulaminu. Aktualna wersja dokumentu jest publikowana na stronie internetowej.<\/p>\n<p>[\/vc_column_text]<\/div><\/div><!-- \/.sc_content -->[vc_empty_space height=&#8221;4em&#8221; alter_height=&#8221;none&#8221; hide_on_desktop=&#8221;&#8221; hide_on_notebook=&#8221;&#8221; hide_on_tablet=&#8221;&#8221; hide_on_mobile=&#8221;&#8221;][\/vc_column][\/vc_row]<\/p>\n<\/div>","protected":false},"excerpt":{"rendered":"<p>[vc_row hide_bg_image_on_tablet=&#8221;&#8221; hide_bg_image_on_mobile=&#8221;&#8221; css=&#8221;.vc_custom_1527690588959{background-color: #f7f8f9 !important;}&#8221;][vc_column icons_position=&#8221;left&#8221;][vc_empty_space height=&#8221;4em&#8221; alter_height=&#8221;none&#8221; hide_on_desktop=&#8221;&#8221; hide_on_notebook=&#8221;&#8221; hide_on_tablet=&#8221;&#8221; hide_on_mobile=&#8221;&#8221;][vc_empty_space height=&#8221;4em&#8221; alter_height=&#8221;none&#8221; hide_on_desktop=&#8221;&#8221; hide_on_notebook=&#8221;&#8221; hide_on_tablet=&#8221;&#8221; hide_on_mobile=&#8221;&#8221;][\/vc_column][\/vc_row]<\/p>\n","protected":false},"author":1,"featured_media":0,"parent":0,"menu_order":0,"comment_status":"closed","ping_status":"closed","template":"","meta":{"footnotes":""},"class_list":["post-1321","page","type-page","status-publish","hentry"],"aioseo_notices":[],"_links":{"self":[{"href":"https:\/\/www.ginekologiatomaszow.pl\/index.php\/wp-json\/wp\/v2\/pages\/1321","targetHints":{"allow":["GET"]}}],"collection":[{"href":"https:\/\/www.ginekologiatomaszow.pl\/index.php\/wp-json\/wp\/v2\/pages"}],"about":[{"href":"https:\/\/www.ginekologiatomaszow.pl\/index.php\/wp-json\/wp\/v2\/types\/page"}],"author":[{"embeddable":true,"href":"https:\/\/www.ginekologiatomaszow.pl\/index.php\/wp-json\/wp\/v2\/users\/1"}],"replies":[{"embeddable":true,"href":"https:\/\/www.ginekologiatomaszow.pl\/index.php\/wp-json\/wp\/v2\/comments?post=1321"}],"version-history":[{"count":1,"href":"https:\/\/www.ginekologiatomaszow.pl\/index.php\/wp-json\/wp\/v2\/pages\/1321\/revisions"}],"predecessor-version":[{"id":1322,"href":"https:\/\/www.ginekologiatomaszow.pl\/index.php\/wp-json\/wp\/v2\/pages\/1321\/revisions\/1322"}],"wp:attachment":[{"href":"https:\/\/www.ginekologiatomaszow.pl\/index.php\/wp-json\/wp\/v2\/media?parent=1321"}],"curies":[{"name":"wp","href":"https:\/\/api.w.org\/{rel}","templated":true}]}}