


{"id":1317,"date":"2026-02-18T20:17:48","date_gmt":"2026-02-18T19:17:48","guid":{"rendered":"https:\/\/serwer420795.lh.pl\/autoinstalator\/serwer420795.lh.pl\/wordpress151603\/?page_id=1317"},"modified":"2026-02-18T20:48:26","modified_gmt":"2026-02-18T19:48:26","slug":"polityka-cookie","status":"publish","type":"page","link":"https:\/\/www.ginekologiatomaszow.pl\/index.php\/polityka-cookie\/","title":{"rendered":"Polityka cookie"},"content":{"rendered":"<div class=\"wpb-content-wrapper\"><p>[vc_row hide_bg_image_on_tablet=&#8221;&#8221; hide_bg_image_on_mobile=&#8221;&#8221; css=&#8221;.vc_custom_1527690588959{background-color: #f7f8f9 !important;}&#8221;][vc_column icons_position=&#8221;left&#8221;][vc_empty_space height=&#8221;4em&#8221; alter_height=&#8221;none&#8221; hide_on_desktop=&#8221;&#8221; hide_on_notebook=&#8221;&#8221; hide_on_tablet=&#8221;&#8221; hide_on_mobile=&#8221;&#8221;]<div id=\"sc_content_1684155515\"\r\n\t\tclass=\"sc_content color_style_default sc_content_default sc_float_center p70\"><div class=\"sc_content_container\">[vc_column_text css=&#8221;&#8221;]<\/p>\n<h4 data-start=\"2742\" data-end=\"2769\">\u00a71 Czym s\u0105 pliki cookies<\/h4>\n<p data-start=\"2771\" data-end=\"2894\">Pliki cookies to niewielkie pliki tekstowe zapisywane na urz\u0105dzeniu u\u017cytkownika podczas korzystania ze strony internetowej.<\/p>\n<hr data-start=\"2896\" data-end=\"2899\" \/>\n<h4 data-start=\"2901\" data-end=\"2939\">\u00a72 Rodzaje wykorzystywanych cookies<\/h4>\n<p data-start=\"2941\" data-end=\"2967\">Strona mo\u017ce wykorzystywa\u0107:<\/p>\n<ol data-start=\"2969\" data-end=\"3212\">\n<li data-start=\"2969\" data-end=\"3040\">\n<p data-start=\"2972\" data-end=\"3040\">Cookies niezb\u0119dne \u2013 zapewniaj\u0105ce prawid\u0142owe funkcjonowanie strony.<\/p>\n<\/li>\n<li data-start=\"3041\" data-end=\"3132\">\n<p data-start=\"3044\" data-end=\"3132\">Cookies analityczne \u2013 s\u0142u\u017c\u0105ce do analizowania ruchu na stronie (np. Google Analytics).<\/p>\n<\/li>\n<li data-start=\"3133\" data-end=\"3212\">\n<p data-start=\"3136\" data-end=\"3212\">Cookies marketingowe \u2013 wykorzystywane do cel\u00f3w reklamowych (np. Meta Pixel).<\/p>\n<\/li>\n<\/ol>\n<hr data-start=\"3214\" data-end=\"3217\" \/>\n<h4 data-start=\"3219\" data-end=\"3244\">\u00a73 Zarz\u0105dzanie cookies<\/h4>\n<p data-start=\"3246\" data-end=\"3384\">U\u017cytkownik mo\u017ce w ka\u017cdej chwili zmieni\u0107 ustawienia cookies w swojej przegl\u0105darce lub poprzez ustawienia banera zg\u00f3d dost\u0119pnego na stronie.<\/p>\n<p>[\/vc_column_text]<\/div><\/div><!-- \/.sc_content -->[vc_empty_space height=&#8221;4em&#8221; alter_height=&#8221;none&#8221; hide_on_desktop=&#8221;&#8221; hide_on_notebook=&#8221;&#8221; hide_on_tablet=&#8221;&#8221; hide_on_mobile=&#8221;&#8221;][\/vc_column][\/vc_row]<\/p>\n<\/div>","protected":false},"excerpt":{"rendered":"<p>[vc_row hide_bg_image_on_tablet=&#8221;&#8221; hide_bg_image_on_mobile=&#8221;&#8221; css=&#8221;.vc_custom_1527690588959{background-color: #f7f8f9 !important;}&#8221;][vc_column icons_position=&#8221;left&#8221;][vc_empty_space height=&#8221;4em&#8221; alter_height=&#8221;none&#8221; hide_on_desktop=&#8221;&#8221; hide_on_notebook=&#8221;&#8221; hide_on_tablet=&#8221;&#8221; hide_on_mobile=&#8221;&#8221;][vc_empty_space height=&#8221;4em&#8221; alter_height=&#8221;none&#8221; hide_on_desktop=&#8221;&#8221; hide_on_notebook=&#8221;&#8221; hide_on_tablet=&#8221;&#8221; hide_on_mobile=&#8221;&#8221;][\/vc_column][\/vc_row]<\/p>\n","protected":false},"author":1,"featured_media":0,"parent":0,"menu_order":0,"comment_status":"closed","ping_status":"closed","template":"","meta":{"footnotes":""},"class_list":["post-1317","page","type-page","status-publish","hentry"],"aioseo_notices":[],"_links":{"self":[{"href":"https:\/\/www.ginekologiatomaszow.pl\/index.php\/wp-json\/wp\/v2\/pages\/1317","targetHints":{"allow":["GET"]}}],"collection":[{"href":"https:\/\/www.ginekologiatomaszow.pl\/index.php\/wp-json\/wp\/v2\/pages"}],"about":[{"href":"https:\/\/www.ginekologiatomaszow.pl\/index.php\/wp-json\/wp\/v2\/types\/page"}],"author":[{"embeddable":true,"href":"https:\/\/www.ginekologiatomaszow.pl\/index.php\/wp-json\/wp\/v2\/users\/1"}],"replies":[{"embeddable":true,"href":"https:\/\/www.ginekologiatomaszow.pl\/index.php\/wp-json\/wp\/v2\/comments?post=1317"}],"version-history":[{"count":2,"href":"https:\/\/www.ginekologiatomaszow.pl\/index.php\/wp-json\/wp\/v2\/pages\/1317\/revisions"}],"predecessor-version":[{"id":1319,"href":"https:\/\/www.ginekologiatomaszow.pl\/index.php\/wp-json\/wp\/v2\/pages\/1317\/revisions\/1319"}],"wp:attachment":[{"href":"https:\/\/www.ginekologiatomaszow.pl\/index.php\/wp-json\/wp\/v2\/media?parent=1317"}],"curies":[{"name":"wp","href":"https:\/\/api.w.org\/{rel}","templated":true}]}}